{"id":267375,"date":"2024-09-29T14:03:34","date_gmt":"2024-09-29T14:03:34","guid":{"rendered":"https:\/\/irankiuzona.lt\/product\/krepsys-irankiams-universalus\/"},"modified":"2026-04-21T23:48:46","modified_gmt":"2026-04-21T23:48:46","slug":"krepsys-irankiams-universalus","status":"publish","type":"product","link":"https:\/\/irankiuzona.lt\/ru\/product\/krepsys-irankiams-universalus\/","title":{"rendered":"Krep\u0161ys \u012frankiams universalus"},"content":{"rendered":"<p>\u012eranki\u0173 krep\u0161ys pagamintas i\u0161 auk\u0161tos kokyb\u0117s 600D poliesterio, pasi\u017eymintis i\u0161skirtiniu atsparumu dilimui ir galimai \u017ealai. Tai u\u017etikrina ne tik konstrukcijos lengvum\u0105 ir lankstum\u0105, bet ir efektyvi\u0105 apsaug\u0105 nuo sunki\u0173 oro s\u0105lyg\u0173 bei i\u0161\u0161\u016bki\u0173, susijusi\u0173 su nuolatiniu naudojimu darbo aplinkoje. Visi\u0161kai optimizuota saugojimo vieta su 29 specializuotomis ki\u0161en\u0117mis, kad b\u016bt\u0173 galima tiksliai organizuoti ir greitai pasiekti \u012frankius. Ergonomi\u0161kas ki\u0161eni\u0173 i\u0161d\u0117stymas, skirtas techninio darbo specifikai, u\u017etikrinantis maksimal\u0173 turimos erdv\u0117s i\u0161naudojim\u0105.<\/p>","protected":false},"excerpt":{"rendered":"<p>med\u017eiaga: 600D poliesteris;amortizatorius ant peties dir\u017eo;dugnas pagamintas i\u0161 PE med\u017eiagos;mai\u0161elio viduje yra pritaikytas u\u017esegimas;vieta vizitinei kortelei mai\u0161elio viduje;3 skyriai su u\u017etrauktuku;Be to, 2 Velcro \u0161onin\u0117s ki\u0161en\u0117s.<\/p>","protected":false},"featured_media":267377,"comment_status":"open","ping_status":"open","template":"","meta":[],"product_cat":[9831],"product_tag":[9969],"class_list":{"0":"post-267375","1":"product","2":"type-product","3":"status-publish","4":"has-post-thumbnail","6":"product_brand-hogert-technik-vokietija","7":"product_cat-irankiu-dezes-krepsiai-kuprines-dirzai","8":"product_tag-hogert-technik-vokietija","10":"first","11":"outofstock","12":"purchasable","13":"product-type-simple"},"jetpack_sharing_enabled":true,"_links":{"self":[{"href":"https:\/\/irankiuzona.lt\/ru\/wp-json\/wp\/v2\/product\/267375","targetHints":{"allow":["GET"]}}],"collection":[{"href":"https:\/\/irankiuzona.lt\/ru\/wp-json\/wp\/v2\/product"}],"about":[{"href":"https:\/\/irankiuzona.lt\/ru\/wp-json\/wp\/v2\/types\/product"}],"replies":[{"embeddable":true,"href":"https:\/\/irankiuzona.lt\/ru\/wp-json\/wp\/v2\/comments?post=267375"}],"version-history":[{"count":1,"href":"https:\/\/irankiuzona.lt\/ru\/wp-json\/wp\/v2\/product\/267375\/revisions"}],"predecessor-version":[{"id":424268,"href":"https:\/\/irankiuzona.lt\/ru\/wp-json\/wp\/v2\/product\/267375\/revisions\/424268"}],"wp:featuredmedia":[{"embeddable":true,"href":"https:\/\/irankiuzona.lt\/ru\/wp-json\/wp\/v2\/media\/267377"}],"wp:attachment":[{"href":"https:\/\/irankiuzona.lt\/ru\/wp-json\/wp\/v2\/media?parent=267375"}],"wp:term":[{"taxonomy":"product_cat","embeddable":true,"href":"https:\/\/irankiuzona.lt\/ru\/wp-json\/wp\/v2\/product_cat?post=267375"},{"taxonomy":"product_tag","embeddable":true,"href":"https:\/\/irankiuzona.lt\/ru\/wp-json\/wp\/v2\/product_tag?post=267375"}],"curies":[{"name":"wp","href":"https:\/\/api.w.org\/{rel}","templated":true}]}}