{"id":267378,"date":"2024-09-29T14:03:35","date_gmt":"2024-09-29T14:03:35","guid":{"rendered":"https:\/\/irankiuzona.lt\/product\/kuprine-irankiams-3\/"},"modified":"2026-04-22T01:25:54","modified_gmt":"2026-04-22T01:25:54","slug":"kuprine-irankiams-3","status":"publish","type":"product","link":"https:\/\/irankiuzona.lt\/ru\/product\/kuprine-irankiams-3\/","title":{"rendered":"Kuprin\u0117 \u012frankiams"},"content":{"rendered":"<p>Ypa\u010d tvirta kuprin\u0117 buvo sukurta taip, kad b\u016bt\u0173 funkcionalesnis ir patvaresnis net ir pa\u010diomis sud\u0117tingiausiomis s\u0105lygomis. Jo konstrukcijoje panaudota auk\u0161tos kokyb\u0117s med\u017eiaga \u2013 600D poliesteris, kuris yra \u017einomas d\u0117l atsparumo dilimui ir nepalankioms oro s\u0105lygoms. Be to, dugnas sutvirtintas PE med\u017eiaga. Tvirta konstrukcija ir gerai apgalvota laikymo sistema yra idealus pasirinkimas \u017emon\u0117ms, ie\u0161kantiems patikimos ir funkcionalios kuprin\u0117s. Kuprin\u0117je yra trys dideli skyriai: 1 su sagtimis ir 2 su u\u017etrauktukais. Be to, abiejuose u\u017etrauktuku u\u017esegamuose skyriuose yra vertikalios \u012franki\u0173 sienel\u0117s, kad b\u016bt\u0173 optimizuota saugojimo vieta.<\/p>","protected":false},"excerpt":{"rendered":"<p>med\u017eiaga: 600D poliesteris;dugnas pagamintas i\u0161 PE med\u017eiagos;3 erdv\u016bs skyriai;i\u0161orin\u0117 Velcro ki\u0161en\u0117;2 \u0161onin\u0117s ki\u0161en\u0117s, atviros.<\/p>","protected":false},"featured_media":267380,"comment_status":"open","ping_status":"open","template":"","meta":[],"product_cat":[9831],"product_tag":[9969],"class_list":{"0":"post-267378","1":"product","2":"type-product","3":"status-publish","4":"has-post-thumbnail","6":"product_brand-hogert-technik-vokietija","7":"product_cat-irankiu-dezes-krepsiai-kuprines-dirzai","8":"product_tag-hogert-technik-vokietija","10":"first","11":"instock","12":"purchasable","13":"product-type-simple"},"jetpack_sharing_enabled":true,"_links":{"self":[{"href":"https:\/\/irankiuzona.lt\/ru\/wp-json\/wp\/v2\/product\/267378","targetHints":{"allow":["GET"]}}],"collection":[{"href":"https:\/\/irankiuzona.lt\/ru\/wp-json\/wp\/v2\/product"}],"about":[{"href":"https:\/\/irankiuzona.lt\/ru\/wp-json\/wp\/v2\/types\/product"}],"replies":[{"embeddable":true,"href":"https:\/\/irankiuzona.lt\/ru\/wp-json\/wp\/v2\/comments?post=267378"}],"version-history":[{"count":1,"href":"https:\/\/irankiuzona.lt\/ru\/wp-json\/wp\/v2\/product\/267378\/revisions"}],"predecessor-version":[{"id":424269,"href":"https:\/\/irankiuzona.lt\/ru\/wp-json\/wp\/v2\/product\/267378\/revisions\/424269"}],"wp:featuredmedia":[{"embeddable":true,"href":"https:\/\/irankiuzona.lt\/ru\/wp-json\/wp\/v2\/media\/267380"}],"wp:attachment":[{"href":"https:\/\/irankiuzona.lt\/ru\/wp-json\/wp\/v2\/media?parent=267378"}],"wp:term":[{"taxonomy":"product_cat","embeddable":true,"href":"https:\/\/irankiuzona.lt\/ru\/wp-json\/wp\/v2\/product_cat?post=267378"},{"taxonomy":"product_tag","embeddable":true,"href":"https:\/\/irankiuzona.lt\/ru\/wp-json\/wp\/v2\/product_tag?post=267378"}],"curies":[{"name":"wp","href":"https:\/\/api.w.org\/{rel}","templated":true}]}}