{"id":267438,"date":"2024-09-29T14:03:38","date_gmt":"2024-09-29T14:03:38","guid":{"rendered":"https:\/\/irankiuzona.lt\/product\/ausu-kistukai-su-galvos-juostele\/"},"modified":"2026-05-09T12:01:26","modified_gmt":"2026-05-09T12:01:26","slug":"ausu-kistukai-su-galvos-juostele","status":"publish","type":"product","link":"https:\/\/irankiuzona.lt\/ru\/product\/ausu-kistukai-su-galvos-juostele\/","title":{"rendered":"Aus\u0173 ki\u0161tukai su galvos juostele"},"content":{"rendered":"<p>Aus\u0173 ki\u0161tukai yra pagrindinis apsauginis priedas, nepakei\u010diamas didelio triuk\u0161mo aplinkoje, pavyzd\u017eiui, suvirinimo, gr\u0119\u017eimo ir kalimo darbo vietose. J\u0173 naudojimas yra svarbus siekiant i\u0161vengti nuolatinio klausos pa\u017eeidimo. Unikalaus dizaino aus\u0173 ki\u0161tukai apima special\u0173 lankst\u0173 polipropileno lankst\u0105 galvos apdangal\u0105, kuris u\u017etikrina j\u0173 stabilum\u0105 ir neleid\u017eia jiems i\u0161kristi i\u0161 aus\u0173, kartu suteikia komfort\u0105 net ir ne\u0161iojant ilg\u0105 laik\u0105. \u0160i galvos juosta d\u0117l savo lankstumo prisitaiko prie galvos formos, suteikdama papildomo saugumo ir komforto.<\/p>","protected":false},"excerpt":{"rendered":"<p>Aus\u0173 ki\u0161tuko med\u017eiaga \u2013 sud\u0117tis: putplastis TPE (termoplastinis elastomeras)juostos med\u017eiaga: polikarbonatas PP (polipropilenas);produkto svoris: 14 g;Atitinka CE 352-2;SNR (triuk\u0161mo ma\u017einimo koeficientas): 31 dB;H vert\u0117 (auk\u0161to da\u017enio gars\u0173 garso izoliacija): 29 dB;L vert\u0117 (garso izoliacija \u017eemo da\u017enio garsams): 30 dB;M vert\u0117 (garso izoliacija vidutinio da\u017enio garsams): 31 dB.<\/p>","protected":false},"featured_media":267440,"comment_status":"open","ping_status":"open","template":"","meta":[],"product_cat":[10001],"product_tag":[9969],"class_list":{"0":"post-267438","1":"product","2":"type-product","3":"status-publish","4":"has-post-thumbnail","6":"product_brand-hogert-technik-vokietija","7":"product_cat-apsaugines-ausines","8":"product_tag-hogert-technik-vokietija","10":"first","11":"instock","12":"purchasable","13":"product-type-simple"},"jetpack_sharing_enabled":true,"_links":{"self":[{"href":"https:\/\/irankiuzona.lt\/ru\/wp-json\/wp\/v2\/product\/267438","targetHints":{"allow":["GET"]}}],"collection":[{"href":"https:\/\/irankiuzona.lt\/ru\/wp-json\/wp\/v2\/product"}],"about":[{"href":"https:\/\/irankiuzona.lt\/ru\/wp-json\/wp\/v2\/types\/product"}],"replies":[{"embeddable":true,"href":"https:\/\/irankiuzona.lt\/ru\/wp-json\/wp\/v2\/comments?post=267438"}],"version-history":[{"count":1,"href":"https:\/\/irankiuzona.lt\/ru\/wp-json\/wp\/v2\/product\/267438\/revisions"}],"predecessor-version":[{"id":424290,"href":"https:\/\/irankiuzona.lt\/ru\/wp-json\/wp\/v2\/product\/267438\/revisions\/424290"}],"wp:featuredmedia":[{"embeddable":true,"href":"https:\/\/irankiuzona.lt\/ru\/wp-json\/wp\/v2\/media\/267440"}],"wp:attachment":[{"href":"https:\/\/irankiuzona.lt\/ru\/wp-json\/wp\/v2\/media?parent=267438"}],"wp:term":[{"taxonomy":"product_cat","embeddable":true,"href":"https:\/\/irankiuzona.lt\/ru\/wp-json\/wp\/v2\/product_cat?post=267438"},{"taxonomy":"product_tag","embeddable":true,"href":"https:\/\/irankiuzona.lt\/ru\/wp-json\/wp\/v2\/product_tag?post=267438"}],"curies":[{"name":"wp","href":"https:\/\/api.w.org\/{rel}","templated":true}]}}