{"id":267501,"date":"2024-09-29T14:03:43","date_gmt":"2024-09-29T14:03:43","guid":{"rendered":"https:\/\/irankiuzona.lt\/product\/presavimo-adapteriu-komplektas-52daliu-18-65mm\/"},"modified":"2026-04-18T14:50:45","modified_gmt":"2026-04-18T14:50:45","slug":"presavimo-adapteriu-komplektas-52daliu-18-65mm","status":"publish","type":"product","link":"https:\/\/irankiuzona.lt\/ru\/product\/presavimo-adapteriu-komplektas-52daliu-18-65mm\/","title":{"rendered":"Presavimo adapteri\u0173 komplektas 52dali\u0173 (18-65mm)"},"content":{"rendered":"<p>\u012eranki\u0173 rinkinys skirtas guoliams, \u012fvor\u0117ms ir kai\u0161\u010diams montuoti ir i\u0161montuoti.Komplektas pagamintas i\u0161 specialaus anglinio plieno, u\u017etikrinan\u010dio ilg\u0105 gaminio tarnavimo laik\u0105.Adapteriai: 48 vnt., kuri\u0173 skersmuo nuo 18 mm iki 65 mm (storis 12 mm)Adapteris: 74 mm skersmens ir 14 mm storioPrakti\u0161kas lagaminas 340x290x90 mmBendras rinkinio svoris: 8kg<\/p>","protected":false},"excerpt":{"rendered":"<p>Adapteriai presavimo montavimo darbams guoliams, \u012fvor\u0117ms ir t.t. . Kraftdele KD10699<\/p>","protected":false},"featured_media":267503,"comment_status":"open","ping_status":"open","template":"","meta":[],"product_cat":[9731],"product_tag":[10104],"class_list":{"0":"post-267501","1":"product","2":"type-product","3":"status-publish","4":"has-post-thumbnail","6":"product_brand-kraftdele","7":"product_cat-guoliu-sailentbloku-presavimo-irankiai","8":"product_tag-kraftdele","10":"first","11":"outofstock","12":"purchasable","13":"product-type-simple"},"jetpack_sharing_enabled":true,"_links":{"self":[{"href":"https:\/\/irankiuzona.lt\/ru\/wp-json\/wp\/v2\/product\/267501","targetHints":{"allow":["GET"]}}],"collection":[{"href":"https:\/\/irankiuzona.lt\/ru\/wp-json\/wp\/v2\/product"}],"about":[{"href":"https:\/\/irankiuzona.lt\/ru\/wp-json\/wp\/v2\/types\/product"}],"replies":[{"embeddable":true,"href":"https:\/\/irankiuzona.lt\/ru\/wp-json\/wp\/v2\/comments?post=267501"}],"version-history":[{"count":1,"href":"https:\/\/irankiuzona.lt\/ru\/wp-json\/wp\/v2\/product\/267501\/revisions"}],"predecessor-version":[{"id":424311,"href":"https:\/\/irankiuzona.lt\/ru\/wp-json\/wp\/v2\/product\/267501\/revisions\/424311"}],"wp:featuredmedia":[{"embeddable":true,"href":"https:\/\/irankiuzona.lt\/ru\/wp-json\/wp\/v2\/media\/267503"}],"wp:attachment":[{"href":"https:\/\/irankiuzona.lt\/ru\/wp-json\/wp\/v2\/media?parent=267501"}],"wp:term":[{"taxonomy":"product_cat","embeddable":true,"href":"https:\/\/irankiuzona.lt\/ru\/wp-json\/wp\/v2\/product_cat?post=267501"},{"taxonomy":"product_tag","embeddable":true,"href":"https:\/\/irankiuzona.lt\/ru\/wp-json\/wp\/v2\/product_tag?post=267501"}],"curies":[{"name":"wp","href":"https:\/\/api.w.org\/{rel}","templated":true}]}}