{"id":267504,"date":"2024-09-29T14:03:43","date_gmt":"2024-09-29T14:03:43","guid":{"rendered":"https:\/\/irankiuzona.lt\/product\/galvuciu-1-2-sugadintiems-varztams-komplektas-10-27mm\/"},"modified":"2026-04-20T11:31:13","modified_gmt":"2026-04-20T11:31:13","slug":"galvuciu-1-2-sugadintiems-varztams-komplektas-10-27mm","status":"publish","type":"product","link":"https:\/\/irankiuzona.lt\/ru\/product\/galvuciu-1-2-sugadintiems-varztams-komplektas-10-27mm\/","title":{"rendered":"Galvu\u010di\u0173 1\/2 sugadintiems var\u017etams komplektas (10-27mm)"},"content":{"rendered":"<p>Komplekte 1\/2 galvut\u0117s: 10mm &#8211; 12mm &#8211; 14mm &#8211; 16mm &#8211; 17mm &#8211; 19mm &#8211; 22mm &#8211; 24mm &#8211; 25mm &#8211; 27mm I\u0161mu\u0161iklis<\/p>","protected":false},"excerpt":{"rendered":"<p>Galvut\u0117s sugadintiems, pa\u017eeistiems ar prasuktiems var\u017etams atsukti. Komplekte 11vnt.: galvut\u0117s nuo 10mm iki 27mm, ir i\u0161mu\u0161\u0117jas. Kraftdele KD11792<\/p>","protected":false},"featured_media":267506,"comment_status":"open","ping_status":"open","template":"","meta":[],"product_cat":[9500],"product_tag":[10104],"class_list":{"0":"post-267504","1":"product","2":"type-product","3":"status-publish","4":"has-post-thumbnail","6":"product_brand-kraftdele","7":"product_cat-galvuciu-komplektai-sugadintiems-varztams","8":"product_tag-kraftdele","10":"first","11":"instock","12":"purchasable","13":"product-type-simple"},"jetpack_sharing_enabled":true,"_links":{"self":[{"href":"https:\/\/irankiuzona.lt\/ru\/wp-json\/wp\/v2\/product\/267504","targetHints":{"allow":["GET"]}}],"collection":[{"href":"https:\/\/irankiuzona.lt\/ru\/wp-json\/wp\/v2\/product"}],"about":[{"href":"https:\/\/irankiuzona.lt\/ru\/wp-json\/wp\/v2\/types\/product"}],"replies":[{"embeddable":true,"href":"https:\/\/irankiuzona.lt\/ru\/wp-json\/wp\/v2\/comments?post=267504"}],"version-history":[{"count":1,"href":"https:\/\/irankiuzona.lt\/ru\/wp-json\/wp\/v2\/product\/267504\/revisions"}],"predecessor-version":[{"id":424312,"href":"https:\/\/irankiuzona.lt\/ru\/wp-json\/wp\/v2\/product\/267504\/revisions\/424312"}],"wp:featuredmedia":[{"embeddable":true,"href":"https:\/\/irankiuzona.lt\/ru\/wp-json\/wp\/v2\/media\/267506"}],"wp:attachment":[{"href":"https:\/\/irankiuzona.lt\/ru\/wp-json\/wp\/v2\/media?parent=267504"}],"wp:term":[{"taxonomy":"product_cat","embeddable":true,"href":"https:\/\/irankiuzona.lt\/ru\/wp-json\/wp\/v2\/product_cat?post=267504"},{"taxonomy":"product_tag","embeddable":true,"href":"https:\/\/irankiuzona.lt\/ru\/wp-json\/wp\/v2\/product_tag?post=267504"}],"curies":[{"name":"wp","href":"https:\/\/api.w.org\/{rel}","templated":true}]}}