{"id":267511,"date":"2024-09-29T14:03:43","date_gmt":"2024-09-29T14:03:43","guid":{"rendered":"https:\/\/irankiuzona.lt\/product\/irankiu-vezimelis-6stalciu-su-263-irankiais\/"},"modified":"2026-04-17T00:52:24","modified_gmt":"2026-04-17T00:52:24","slug":"irankiu-vezimelis-6stalciu-su-263-irankiais","status":"publish","type":"product","link":"https:\/\/irankiuzona.lt\/ru\/product\/irankiu-vezimelis-6stalciu-su-263-irankiais\/","title":{"rendered":"\u012eranki\u0173 ve\u017eim\u0117lis 6stal\u010di\u0173 su 263 \u012frankiais"},"content":{"rendered":"<p>Komplektacija: 4 pilnai sukomplektuoti stal\u010diai su \u012frankiais, plastikiniuose d\u0117kluose.Neprofesionaliam naudojimui.Auk\u0161tis: 73cm \/ 88,5cm su ratukaisIlgis: 76cmGylis: 45,5cmSvoris: 60kg.<\/p>","protected":false},"excerpt":{"rendered":"<p>\u012eranki\u0173 spintel\u0117 ant ratuk\u0173 6 stal\u010di\u0173 su 263 \u012frankiais. KRAFTDELE KD361<\/p>","protected":false},"featured_media":267513,"comment_status":"open","ping_status":"open","template":"","meta":[],"product_cat":[9943],"product_tag":[10104],"class_list":{"0":"post-267511","1":"product","2":"type-product","3":"status-publish","4":"has-post-thumbnail","6":"product_brand-kraftdele","7":"product_cat-vezimeliai-irankiu-spintos","8":"product_tag-kraftdele","10":"first","11":"outofstock","12":"purchasable","13":"product-type-simple"},"jetpack_sharing_enabled":true,"_links":{"self":[{"href":"https:\/\/irankiuzona.lt\/ru\/wp-json\/wp\/v2\/product\/267511","targetHints":{"allow":["GET"]}}],"collection":[{"href":"https:\/\/irankiuzona.lt\/ru\/wp-json\/wp\/v2\/product"}],"about":[{"href":"https:\/\/irankiuzona.lt\/ru\/wp-json\/wp\/v2\/types\/product"}],"replies":[{"embeddable":true,"href":"https:\/\/irankiuzona.lt\/ru\/wp-json\/wp\/v2\/comments?post=267511"}],"version-history":[{"count":1,"href":"https:\/\/irankiuzona.lt\/ru\/wp-json\/wp\/v2\/product\/267511\/revisions"}],"predecessor-version":[{"id":424315,"href":"https:\/\/irankiuzona.lt\/ru\/wp-json\/wp\/v2\/product\/267511\/revisions\/424315"}],"wp:featuredmedia":[{"embeddable":true,"href":"https:\/\/irankiuzona.lt\/ru\/wp-json\/wp\/v2\/media\/267513"}],"wp:attachment":[{"href":"https:\/\/irankiuzona.lt\/ru\/wp-json\/wp\/v2\/media?parent=267511"}],"wp:term":[{"taxonomy":"product_cat","embeddable":true,"href":"https:\/\/irankiuzona.lt\/ru\/wp-json\/wp\/v2\/product_cat?post=267511"},{"taxonomy":"product_tag","embeddable":true,"href":"https:\/\/irankiuzona.lt\/ru\/wp-json\/wp\/v2\/product_tag?post=267511"}],"curies":[{"name":"wp","href":"https:\/\/api.w.org\/{rel}","templated":true}]}}