{"id":267526,"date":"2024-09-29T14:03:44","date_gmt":"2024-09-29T14:03:44","guid":{"rendered":"https:\/\/irankiuzona.lt\/product\/reguliuojamas-darbastalis-7-viename\/"},"modified":"2026-04-15T15:56:41","modified_gmt":"2026-04-15T15:56:41","slug":"reguliuojamas-darbastalis-7-viename","status":"publish","type":"product","link":"https:\/\/irankiuzona.lt\/ru\/product\/reguliuojamas-darbastalis-7-viename\/","title":{"rendered":"Reguliuojamas darbastalis 7-viename"},"content":{"rendered":"<p>Kraft&#038;Dele daugiafunkcis darbo stalas \u201e7-in-1\u201c, skirtas \u201epasidaryk pats\u201c ir lengviems dirbtuvi\u0173 darbams. Puikiai tinka dirbtuv\u0117ms, sand\u0117liams ir naudojimui namuose.SPECIFIKACIJA:Darbin\u0117s platformos dydis: 108,5 x 54,5 x 15,5 cmDarbinis auk\u0161tis: 52 \/ 78 cmVEIKLIO FUNKCIJOS:1. Dirbtuvi\u0173 suoliukas (leid\u017eia patogiai dirbti po automobiliu ar kita ma\u0161ina)2. Platforminis ve\u017eim\u0117lis (sunkiems kroviniams ve\u017eti)3. Darbastalis4. Pjovimo estakada5. Laikiklis &quot;O\u017eiukas&quot;6. Rankinis pakrautuvas7. Darbo platforma\u00a0MATMENYS:Ilgis: 109 x 55 x 78 cmSvoris: 16,5 kg<\/p>","protected":false},"excerpt":{"rendered":"<p>Reguliuojamas \u012fvari\u0173 tip\u0173 darbastalis 7in1. Daugiafunkcinis darbo stalas. Kraftdele KD10748<\/p>","protected":false},"featured_media":267528,"comment_status":"open","ping_status":"open","template":"","meta":[],"product_cat":[9998],"product_tag":[10104],"class_list":{"0":"post-267526","1":"product","2":"type-product","3":"status-publish","4":"has-post-thumbnail","6":"product_brand-kraftdele","7":"product_cat-patalpu-remonto-irankiai-maisai-tentai-peiliukai-markeriai-izoliacines-juostos","8":"product_tag-kraftdele","10":"first","11":"outofstock","12":"purchasable","13":"product-type-simple"},"jetpack_sharing_enabled":true,"_links":{"self":[{"href":"https:\/\/irankiuzona.lt\/ru\/wp-json\/wp\/v2\/product\/267526","targetHints":{"allow":["GET"]}}],"collection":[{"href":"https:\/\/irankiuzona.lt\/ru\/wp-json\/wp\/v2\/product"}],"about":[{"href":"https:\/\/irankiuzona.lt\/ru\/wp-json\/wp\/v2\/types\/product"}],"replies":[{"embeddable":true,"href":"https:\/\/irankiuzona.lt\/ru\/wp-json\/wp\/v2\/comments?post=267526"}],"version-history":[{"count":1,"href":"https:\/\/irankiuzona.lt\/ru\/wp-json\/wp\/v2\/product\/267526\/revisions"}],"predecessor-version":[{"id":424319,"href":"https:\/\/irankiuzona.lt\/ru\/wp-json\/wp\/v2\/product\/267526\/revisions\/424319"}],"wp:featuredmedia":[{"embeddable":true,"href":"https:\/\/irankiuzona.lt\/ru\/wp-json\/wp\/v2\/media\/267528"}],"wp:attachment":[{"href":"https:\/\/irankiuzona.lt\/ru\/wp-json\/wp\/v2\/media?parent=267526"}],"wp:term":[{"taxonomy":"product_cat","embeddable":true,"href":"https:\/\/irankiuzona.lt\/ru\/wp-json\/wp\/v2\/product_cat?post=267526"},{"taxonomy":"product_tag","embeddable":true,"href":"https:\/\/irankiuzona.lt\/ru\/wp-json\/wp\/v2\/product_tag?post=267526"}],"curies":[{"name":"wp","href":"https:\/\/api.w.org\/{rel}","templated":true}]}}