{"id":267529,"date":"2024-09-29T14:03:44","date_gmt":"2024-09-29T14:03:44","guid":{"rendered":"https:\/\/irankiuzona.lt\/product\/suvirinimo-irangos-vezimelis-su-stalciais\/"},"modified":"2026-04-21T17:56:30","modified_gmt":"2026-04-21T17:56:30","slug":"suvirinimo-irangos-vezimelis-su-stalciais","status":"publish","type":"product","link":"https:\/\/irankiuzona.lt\/ru\/product\/suvirinimo-irangos-vezimelis-su-stalciais\/","title":{"rendered":"Suvirinimo \u012frangos ve\u017eim\u0117lis su stal\u010diais"},"content":{"rendered":"<p>Matmenys:Ve\u017eim\u0117lio plotis 29cmVe\u017eim\u0117lio plotis su ratukais: 38 cmVe\u017eim\u0117lio ilgis: 71 cmVe\u017eim\u0117lio auk\u0161tis: 68,5 cmStal\u010diaus plotis: 18 cmStal\u010diaus ilgis: 28 cm D\u0117l tvirtos ir patvarios konstrukcijos, pagamintos i\u0161 auk\u0161\u010diausios kokyb\u0117s plieno, ve\u017eim\u0117lio keliamoji galia siekia iki 75 kg!<\/p>","protected":false},"excerpt":{"rendered":"<p>Ve\u017eim\u0117lis ant ratuk\u0173, su stal\u010diais, suvirinimo \u012frangai. Suvirinimo aparato (MIG\/TIG) transportavimo ve\u017eim\u0117lis. Kraftdele KD374<\/p>","protected":false},"featured_media":267531,"comment_status":"open","ping_status":"open","template":"","meta":[],"product_cat":[9893],"product_tag":[10104],"class_list":{"0":"post-267529","1":"product","2":"type-product","3":"status-publish","4":"has-post-thumbnail","6":"product_brand-kraftdele","7":"product_cat-suvirinimo-iranga","8":"product_tag-kraftdele","10":"first","11":"instock","12":"purchasable","13":"product-type-simple"},"jetpack_sharing_enabled":true,"_links":{"self":[{"href":"https:\/\/irankiuzona.lt\/ru\/wp-json\/wp\/v2\/product\/267529","targetHints":{"allow":["GET"]}}],"collection":[{"href":"https:\/\/irankiuzona.lt\/ru\/wp-json\/wp\/v2\/product"}],"about":[{"href":"https:\/\/irankiuzona.lt\/ru\/wp-json\/wp\/v2\/types\/product"}],"replies":[{"embeddable":true,"href":"https:\/\/irankiuzona.lt\/ru\/wp-json\/wp\/v2\/comments?post=267529"}],"version-history":[{"count":1,"href":"https:\/\/irankiuzona.lt\/ru\/wp-json\/wp\/v2\/product\/267529\/revisions"}],"predecessor-version":[{"id":424320,"href":"https:\/\/irankiuzona.lt\/ru\/wp-json\/wp\/v2\/product\/267529\/revisions\/424320"}],"wp:featuredmedia":[{"embeddable":true,"href":"https:\/\/irankiuzona.lt\/ru\/wp-json\/wp\/v2\/media\/267531"}],"wp:attachment":[{"href":"https:\/\/irankiuzona.lt\/ru\/wp-json\/wp\/v2\/media?parent=267529"}],"wp:term":[{"taxonomy":"product_cat","embeddable":true,"href":"https:\/\/irankiuzona.lt\/ru\/wp-json\/wp\/v2\/product_cat?post=267529"},{"taxonomy":"product_tag","embeddable":true,"href":"https:\/\/irankiuzona.lt\/ru\/wp-json\/wp\/v2\/product_tag?post=267529"}],"curies":[{"name":"wp","href":"https:\/\/api.w.org\/{rel}","templated":true}]}}