{"id":267532,"date":"2024-09-29T14:03:45","date_gmt":"2024-09-29T14:03:45","guid":{"rendered":"https:\/\/irankiuzona.lt\/product\/led-lempa-1000lm-ikraunama-su-tvirtinimu-po-variklio-dangciu\/"},"modified":"2026-05-14T17:18:38","modified_gmt":"2026-05-14T17:18:38","slug":"led-lempa-1000lm-ikraunama-su-tvirtinimu-po-variklio-dangciu","status":"publish","type":"product","link":"https:\/\/irankiuzona.lt\/ru\/product\/led-lempa-1000lm-ikraunama-su-tvirtinimu-po-variklio-dangciu\/","title":{"rendered":"LED lempa 1000Lm (\u012fkraunama) su tvirtinimu po variklio dang\u010diu"},"content":{"rendered":"<p>Lempa turi ry\u0161kumo reguliavimo mygtuk\u0105, leid\u017eiant\u012f pasirinkti piln\u0105 arba pus\u0119 galios.I\u0161skleista juosta siekia 190 cm ilgio!Lempa apr\u016bpinta efektyvia 3200 mAh baterija, u\u017etikrinan\u010dia veikim\u0105 iki 4,5 val. Baterija \u012fkraunama naudojant pridedam\u0105 USB Type-C laid\u0105.DARBINIS RE\u017dIMAS:Stiprus (1000 Lm) darbo laikas: 1,5 val\u017demas (350 Lm) darbo laikas: 4,5 valSPECIFIKACIJA:\u012ekrovimo laikas: 2 valandosApsaugos klas\u0117: IPX4Baterija: 3200 mAh180\u00b0 sukimasisMatmenys: 1300(1900)x130x80Svoris: apie 3 kg<\/p>","protected":false},"excerpt":{"rendered":"<p>\u012ekraunama LED darbo lempa su reguliuojamu tvirtinimu po variklio gaubtu (lempo po kapotu). Galimas reguliavimo ilgis iki 190cm. Kraftdele KD1260<\/p>","protected":false},"featured_media":267534,"comment_status":"open","ping_status":"open","template":"","meta":[],"product_cat":[9854],"product_tag":[10104],"class_list":{"0":"post-267532","1":"product","2":"type-product","3":"status-publish","4":"has-post-thumbnail","6":"product_brand-kraftdele","7":"product_cat-lempos-ikraunamos","8":"product_tag-kraftdele","10":"first","11":"instock","12":"purchasable","13":"product-type-simple"},"jetpack_sharing_enabled":true,"_links":{"self":[{"href":"https:\/\/irankiuzona.lt\/ru\/wp-json\/wp\/v2\/product\/267532","targetHints":{"allow":["GET"]}}],"collection":[{"href":"https:\/\/irankiuzona.lt\/ru\/wp-json\/wp\/v2\/product"}],"about":[{"href":"https:\/\/irankiuzona.lt\/ru\/wp-json\/wp\/v2\/types\/product"}],"replies":[{"embeddable":true,"href":"https:\/\/irankiuzona.lt\/ru\/wp-json\/wp\/v2\/comments?post=267532"}],"version-history":[{"count":1,"href":"https:\/\/irankiuzona.lt\/ru\/wp-json\/wp\/v2\/product\/267532\/revisions"}],"predecessor-version":[{"id":424321,"href":"https:\/\/irankiuzona.lt\/ru\/wp-json\/wp\/v2\/product\/267532\/revisions\/424321"}],"wp:featuredmedia":[{"embeddable":true,"href":"https:\/\/irankiuzona.lt\/ru\/wp-json\/wp\/v2\/media\/267534"}],"wp:attachment":[{"href":"https:\/\/irankiuzona.lt\/ru\/wp-json\/wp\/v2\/media?parent=267532"}],"wp:term":[{"taxonomy":"product_cat","embeddable":true,"href":"https:\/\/irankiuzona.lt\/ru\/wp-json\/wp\/v2\/product_cat?post=267532"},{"taxonomy":"product_tag","embeddable":true,"href":"https:\/\/irankiuzona.lt\/ru\/wp-json\/wp\/v2\/product_tag?post=267532"}],"curies":[{"name":"wp","href":"https:\/\/api.w.org\/{rel}","templated":true}]}}