{"id":267700,"date":"2024-09-29T14:03:57","date_gmt":"2024-09-29T14:03:57","guid":{"rendered":"https:\/\/irankiuzona.lt\/product\/nuemejas-8-47mm-90mm-bendro-ilgio\/"},"modified":"2026-04-15T02:34:21","modified_gmt":"2026-04-15T02:34:21","slug":"nuemejas-8-47mm-90mm-bendro-ilgio","status":"publish","type":"product","link":"https:\/\/irankiuzona.lt\/ru\/product\/nuemejas-8-47mm-90mm-bendro-ilgio\/","title":{"rendered":"Nu\u0117m\u0117jas 8-47mm \/ 90mm bendro ilgio"},"content":{"rendered":"","protected":false},"excerpt":{"rendered":"<p>Dvikojis nu\u0117m\u0117jas 8-47mm plo\u010dio \/ 90mm bendras koj\u0173 ilgis<\/p>","protected":false},"featured_media":267702,"comment_status":"open","ping_status":"open","template":"","meta":[],"product_cat":[9531],"product_tag":[10151],"class_list":{"0":"post-267700","1":"product","2":"type-product","3":"status-publish","4":"has-post-thumbnail","6":"product_brand-lenkija-tiekejas","7":"product_cat-dvikojai-nuemejai","8":"product_tag-lenkija-tiekejas","10":"first","11":"instock","12":"purchasable","13":"product-type-simple"},"jetpack_sharing_enabled":true,"_links":{"self":[{"href":"https:\/\/irankiuzona.lt\/ru\/wp-json\/wp\/v2\/product\/267700","targetHints":{"allow":["GET"]}}],"collection":[{"href":"https:\/\/irankiuzona.lt\/ru\/wp-json\/wp\/v2\/product"}],"about":[{"href":"https:\/\/irankiuzona.lt\/ru\/wp-json\/wp\/v2\/types\/product"}],"replies":[{"embeddable":true,"href":"https:\/\/irankiuzona.lt\/ru\/wp-json\/wp\/v2\/comments?post=267700"}],"version-history":[{"count":1,"href":"https:\/\/irankiuzona.lt\/ru\/wp-json\/wp\/v2\/product\/267700\/revisions"}],"predecessor-version":[{"id":424379,"href":"https:\/\/irankiuzona.lt\/ru\/wp-json\/wp\/v2\/product\/267700\/revisions\/424379"}],"wp:featuredmedia":[{"embeddable":true,"href":"https:\/\/irankiuzona.lt\/ru\/wp-json\/wp\/v2\/media\/267702"}],"wp:attachment":[{"href":"https:\/\/irankiuzona.lt\/ru\/wp-json\/wp\/v2\/media?parent=267700"}],"wp:term":[{"taxonomy":"product_cat","embeddable":true,"href":"https:\/\/irankiuzona.lt\/ru\/wp-json\/wp\/v2\/product_cat?post=267700"},{"taxonomy":"product_tag","embeddable":true,"href":"https:\/\/irankiuzona.lt\/ru\/wp-json\/wp\/v2\/product_tag?post=267700"}],"curies":[{"name":"wp","href":"https:\/\/api.w.org\/{rel}","templated":true}]}}