{"id":267763,"date":"2024-09-29T14:04:01","date_gmt":"2024-09-29T14:04:01","guid":{"rendered":"https:\/\/irankiuzona.lt\/product\/irankiu-komplektas-cr-mo-1-2-8-36mm-32vnt-6-12k\/"},"modified":"2026-04-16T07:14:09","modified_gmt":"2026-04-16T07:14:09","slug":"irankiu-komplektas-cr-mo-1-2-8-36mm-32vnt-6-12k","status":"publish","type":"product","link":"https:\/\/irankiuzona.lt\/ru\/product\/irankiu-komplektas-cr-mo-1-2-8-36mm-32vnt-6-12k\/","title":{"rendered":"\u012eranki\u0173 komplektas Cr-Mo 1\/2&#8221; 8-36mm 32vnt. 6\/12k"},"content":{"rendered":"<p>\u012eranki\u0173 komplektas plastikin\u0117 d\u0117\u017e\u01171\/2 terk\u0161l\u0117;1\/2 prailgintuvas 125mm ir 250mm su slankiojan\u010dia jungtim;1\/2 kardanin\u0117 jungtis;1\/2 galvut\u0117s \u0161e\u0161iakamp\u0117s: 8mm;9mm;10mm;11mm;12mm;13mm;14mm;15mm;16mm;17mm;18mm; 19mm;21mm;22mm;24mm;27mm;30mm;32mm.1\/2 galvut\u0117s dvylikakamp\u0117s: 10mm;12mm;14mm;15mm;17mm;19mm;36mm.1\/2 prailgintos galvut\u0117s su apsauga: 17mm;19mm.<\/p>","protected":false},"excerpt":{"rendered":"<p>\u012eranki\u0173 komplektas Cr-Mo 1\/2&#8221; 8-36mm 32vnt.<\/p>","protected":false},"featured_media":267765,"comment_status":"open","ping_status":"open","template":"","meta":[],"product_cat":[9493],"product_tag":[10151],"class_list":{"0":"post-267763","1":"product","2":"type-product","3":"status-publish","4":"has-post-thumbnail","6":"product_brand-lenkija-tiekejas","7":"product_cat-1-2-irankiu-komplektai","8":"product_tag-lenkija-tiekejas","10":"first","11":"outofstock","12":"purchasable","13":"product-type-simple"},"jetpack_sharing_enabled":true,"_links":{"self":[{"href":"https:\/\/irankiuzona.lt\/ru\/wp-json\/wp\/v2\/product\/267763","targetHints":{"allow":["GET"]}}],"collection":[{"href":"https:\/\/irankiuzona.lt\/ru\/wp-json\/wp\/v2\/product"}],"about":[{"href":"https:\/\/irankiuzona.lt\/ru\/wp-json\/wp\/v2\/types\/product"}],"replies":[{"embeddable":true,"href":"https:\/\/irankiuzona.lt\/ru\/wp-json\/wp\/v2\/comments?post=267763"}],"version-history":[{"count":1,"href":"https:\/\/irankiuzona.lt\/ru\/wp-json\/wp\/v2\/product\/267763\/revisions"}],"predecessor-version":[{"id":424400,"href":"https:\/\/irankiuzona.lt\/ru\/wp-json\/wp\/v2\/product\/267763\/revisions\/424400"}],"wp:featuredmedia":[{"embeddable":true,"href":"https:\/\/irankiuzona.lt\/ru\/wp-json\/wp\/v2\/media\/267765"}],"wp:attachment":[{"href":"https:\/\/irankiuzona.lt\/ru\/wp-json\/wp\/v2\/media?parent=267763"}],"wp:term":[{"taxonomy":"product_cat","embeddable":true,"href":"https:\/\/irankiuzona.lt\/ru\/wp-json\/wp\/v2\/product_cat?post=267763"},{"taxonomy":"product_tag","embeddable":true,"href":"https:\/\/irankiuzona.lt\/ru\/wp-json\/wp\/v2\/product_tag?post=267763"}],"curies":[{"name":"wp","href":"https:\/\/api.w.org\/{rel}","templated":true}]}}