{"id":267775,"date":"2024-09-29T14:04:02","date_gmt":"2024-09-29T14:04:02","guid":{"rendered":"https:\/\/irankiuzona.lt\/product\/graztas-suvirinimo-taskams-650mm\/"},"modified":"2026-04-16T16:08:40","modified_gmt":"2026-04-16T16:08:40","slug":"graztas-suvirinimo-taskams-650mm","status":"publish","type":"product","link":"https:\/\/irankiuzona.lt\/ru\/product\/graztas-suvirinimo-taskams-650mm\/","title":{"rendered":"Gr\u0105\u017etas suvirinimo ta\u0161kams 6*50mm"},"content":{"rendered":"","protected":false},"excerpt":{"rendered":"<p>Freza\/Gr\u0105\u017etas suvirinimo ta\u0161kams 6*50mm<\/p>","protected":false},"featured_media":267777,"comment_status":"open","ping_status":"open","template":"","meta":[],"product_cat":[9602],"product_tag":[10151],"class_list":{"0":"post-267775","1":"product","2":"type-product","3":"status-publish","4":"has-post-thumbnail","6":"product_brand-lenkija-tiekejas","7":"product_cat-graztai-suvirinimo-taskams","8":"product_tag-lenkija-tiekejas","10":"first","11":"instock","12":"purchasable","13":"product-type-simple"},"jetpack_sharing_enabled":true,"_links":{"self":[{"href":"https:\/\/irankiuzona.lt\/ru\/wp-json\/wp\/v2\/product\/267775","targetHints":{"allow":["GET"]}}],"collection":[{"href":"https:\/\/irankiuzona.lt\/ru\/wp-json\/wp\/v2\/product"}],"about":[{"href":"https:\/\/irankiuzona.lt\/ru\/wp-json\/wp\/v2\/types\/product"}],"replies":[{"embeddable":true,"href":"https:\/\/irankiuzona.lt\/ru\/wp-json\/wp\/v2\/comments?post=267775"}],"version-history":[{"count":1,"href":"https:\/\/irankiuzona.lt\/ru\/wp-json\/wp\/v2\/product\/267775\/revisions"}],"predecessor-version":[{"id":424404,"href":"https:\/\/irankiuzona.lt\/ru\/wp-json\/wp\/v2\/product\/267775\/revisions\/424404"}],"wp:featuredmedia":[{"embeddable":true,"href":"https:\/\/irankiuzona.lt\/ru\/wp-json\/wp\/v2\/media\/267777"}],"wp:attachment":[{"href":"https:\/\/irankiuzona.lt\/ru\/wp-json\/wp\/v2\/media?parent=267775"}],"wp:term":[{"taxonomy":"product_cat","embeddable":true,"href":"https:\/\/irankiuzona.lt\/ru\/wp-json\/wp\/v2\/product_cat?post=267775"},{"taxonomy":"product_tag","embeddable":true,"href":"https:\/\/irankiuzona.lt\/ru\/wp-json\/wp\/v2\/product_tag?post=267775"}],"curies":[{"name":"wp","href":"https:\/\/api.w.org\/{rel}","templated":true}]}}