{"id":267802,"date":"2024-09-29T14:04:04","date_gmt":"2024-09-29T14:04:04","guid":{"rendered":"https:\/\/irankiuzona.lt\/product\/graztas-suvirinimo-taskams-670mm\/"},"modified":"2026-04-16T01:07:44","modified_gmt":"2026-04-16T01:07:44","slug":"graztas-suvirinimo-taskams-670mm","status":"publish","type":"product","link":"https:\/\/irankiuzona.lt\/ru\/product\/graztas-suvirinimo-taskams-670mm\/","title":{"rendered":"Gr\u0105\u017etas suvirinimo ta\u0161kams 6*70mm"},"content":{"rendered":"","protected":false},"excerpt":{"rendered":"<p>Freza\/Gr\u0105\u017etas suvirinimo ta\u0161kams 6*70mm<\/p>","protected":false},"featured_media":267804,"comment_status":"open","ping_status":"open","template":"","meta":[],"product_cat":[9976],"product_tag":[],"class_list":{"0":"post-267802","1":"product","2":"type-product","3":"status-publish","4":"has-post-thumbnail","6":"product_cat-katalogas","8":"first","9":"instock","10":"purchasable","11":"product-type-simple"},"jetpack_sharing_enabled":true,"_links":{"self":[{"href":"https:\/\/irankiuzona.lt\/ru\/wp-json\/wp\/v2\/product\/267802","targetHints":{"allow":["GET"]}}],"collection":[{"href":"https:\/\/irankiuzona.lt\/ru\/wp-json\/wp\/v2\/product"}],"about":[{"href":"https:\/\/irankiuzona.lt\/ru\/wp-json\/wp\/v2\/types\/product"}],"replies":[{"embeddable":true,"href":"https:\/\/irankiuzona.lt\/ru\/wp-json\/wp\/v2\/comments?post=267802"}],"version-history":[{"count":1,"href":"https:\/\/irankiuzona.lt\/ru\/wp-json\/wp\/v2\/product\/267802\/revisions"}],"predecessor-version":[{"id":424413,"href":"https:\/\/irankiuzona.lt\/ru\/wp-json\/wp\/v2\/product\/267802\/revisions\/424413"}],"wp:featuredmedia":[{"embeddable":true,"href":"https:\/\/irankiuzona.lt\/ru\/wp-json\/wp\/v2\/media\/267804"}],"wp:attachment":[{"href":"https:\/\/irankiuzona.lt\/ru\/wp-json\/wp\/v2\/media?parent=267802"}],"wp:term":[{"taxonomy":"product_cat","embeddable":true,"href":"https:\/\/irankiuzona.lt\/ru\/wp-json\/wp\/v2\/product_cat?post=267802"},{"taxonomy":"product_tag","embeddable":true,"href":"https:\/\/irankiuzona.lt\/ru\/wp-json\/wp\/v2\/product_tag?post=267802"}],"curies":[{"name":"wp","href":"https:\/\/api.w.org\/{rel}","templated":true}]}}