{"id":267817,"date":"2024-09-29T14:04:05","date_gmt":"2024-09-29T14:04:05","guid":{"rendered":"https:\/\/irankiuzona.lt\/product\/transmisijos-domkratas-600-kg\/"},"modified":"2026-04-13T20:00:09","modified_gmt":"2026-04-13T20:00:09","slug":"transmisijos-domkratas-600-kg","status":"publish","type":"product","link":"https:\/\/irankiuzona.lt\/ru\/product\/transmisijos-domkratas-600-kg\/","title":{"rendered":"Transmisijos domkratas 600 kg"},"content":{"rendered":"<p>Prek\u0117s spalva ar atspalvis gali skirtis, nei pavaizduota nuotraukose.<br \/>\nTechniniai duomenys<br \/>\nMaks. keliamoji galia: 600 kgMin. Auk\u0161tis: 1120 mmMaks. auk\u0161tis: 1880 mmSvoris: 32 kg<\/p>","protected":false},"excerpt":{"rendered":"<p>D\u0116MESIO ATLAISVINTI NUORINIMO VAR\u017dT\u0104 PRIE\u0160 NAUDOJANT !!!<br \/>\nTransmisijos domkratas 600 kg<\/p>","protected":false},"featured_media":267819,"comment_status":"open","ping_status":"open","template":"","meta":[],"product_cat":[9929],"product_tag":[10151],"class_list":{"0":"post-267817","1":"product","2":"type-product","3":"status-publish","4":"has-post-thumbnail","6":"product_brand-lenkija-tiekejas","7":"product_cat-keltuvai-greiciu-dezems","8":"product_tag-lenkija-tiekejas","10":"first","11":"instock","12":"purchasable","13":"product-type-simple"},"jetpack_sharing_enabled":true,"_links":{"self":[{"href":"https:\/\/irankiuzona.lt\/ru\/wp-json\/wp\/v2\/product\/267817","targetHints":{"allow":["GET"]}}],"collection":[{"href":"https:\/\/irankiuzona.lt\/ru\/wp-json\/wp\/v2\/product"}],"about":[{"href":"https:\/\/irankiuzona.lt\/ru\/wp-json\/wp\/v2\/types\/product"}],"replies":[{"embeddable":true,"href":"https:\/\/irankiuzona.lt\/ru\/wp-json\/wp\/v2\/comments?post=267817"}],"version-history":[{"count":1,"href":"https:\/\/irankiuzona.lt\/ru\/wp-json\/wp\/v2\/product\/267817\/revisions"}],"predecessor-version":[{"id":424420,"href":"https:\/\/irankiuzona.lt\/ru\/wp-json\/wp\/v2\/product\/267817\/revisions\/424420"}],"wp:featuredmedia":[{"embeddable":true,"href":"https:\/\/irankiuzona.lt\/ru\/wp-json\/wp\/v2\/media\/267819"}],"wp:attachment":[{"href":"https:\/\/irankiuzona.lt\/ru\/wp-json\/wp\/v2\/media?parent=267817"}],"wp:term":[{"taxonomy":"product_cat","embeddable":true,"href":"https:\/\/irankiuzona.lt\/ru\/wp-json\/wp\/v2\/product_cat?post=267817"},{"taxonomy":"product_tag","embeddable":true,"href":"https:\/\/irankiuzona.lt\/ru\/wp-json\/wp\/v2\/product_tag?post=267817"}],"curies":[{"name":"wp","href":"https:\/\/api.w.org\/{rel}","templated":true}]}}