{"id":267838,"date":"2024-09-29T14:04:09","date_gmt":"2024-09-29T14:04:09","guid":{"rendered":"https:\/\/irankiuzona.lt\/product\/irankiu-komplektas-cr-mo-1-2-8-32mm-26vnt-6k\/"},"modified":"2026-04-16T19:28:19","modified_gmt":"2026-04-16T19:28:19","slug":"irankiu-komplektas-cr-mo-1-2-8-32mm-26vnt-6k","status":"publish","type":"product","link":"https:\/\/irankiuzona.lt\/ru\/product\/irankiu-komplektas-cr-mo-1-2-8-32mm-26vnt-6k\/","title":{"rendered":"\u012eranki\u0173 komplektas Cr Mo 1\/2&#8221; 8-32mm 26vnt. 6k."},"content":{"rendered":"<p>Metalin\u0117 d\u0117\u017eut\u0117 su plastikiniu d\u0117klu;Galvut\u0117s 1\/2: 8mm;9mm;10mm;11mm;12mm;13mm;14mm;15mm;16mm;17mm;18mm;19mm;20mm; 21mm;22mm;24mm;27mm;30mm;32mm.1\/2 \u0161arnyras;1\/2 prailgintojas 125mm;250mm.1\/2 terk\u0161l\u0117; 1\/2 slankiojanti rankena 250mm; 1\/2 rankena vartomu galu 300mm.<\/p>","protected":false},"excerpt":{"rendered":"<p>\u012eranki\u0173 komplektas Cr Mo 1\/2&#8221; 8-32mm 26vnt. \u0161e\u0161iakamp\u0117s galvut\u0117s<\/p>","protected":false},"featured_media":267840,"comment_status":"open","ping_status":"open","template":"","meta":[],"product_cat":[9493],"product_tag":[10151],"class_list":{"0":"post-267838","1":"product","2":"type-product","3":"status-publish","4":"has-post-thumbnail","6":"product_brand-lenkija-tiekejas","7":"product_cat-1-2-irankiu-komplektai","8":"product_tag-lenkija-tiekejas","10":"first","11":"instock","12":"purchasable","13":"product-type-simple"},"jetpack_sharing_enabled":true,"_links":{"self":[{"href":"https:\/\/irankiuzona.lt\/ru\/wp-json\/wp\/v2\/product\/267838","targetHints":{"allow":["GET"]}}],"collection":[{"href":"https:\/\/irankiuzona.lt\/ru\/wp-json\/wp\/v2\/product"}],"about":[{"href":"https:\/\/irankiuzona.lt\/ru\/wp-json\/wp\/v2\/types\/product"}],"replies":[{"embeddable":true,"href":"https:\/\/irankiuzona.lt\/ru\/wp-json\/wp\/v2\/comments?post=267838"}],"version-history":[{"count":1,"href":"https:\/\/irankiuzona.lt\/ru\/wp-json\/wp\/v2\/product\/267838\/revisions"}],"predecessor-version":[{"id":424427,"href":"https:\/\/irankiuzona.lt\/ru\/wp-json\/wp\/v2\/product\/267838\/revisions\/424427"}],"wp:featuredmedia":[{"embeddable":true,"href":"https:\/\/irankiuzona.lt\/ru\/wp-json\/wp\/v2\/media\/267840"}],"wp:attachment":[{"href":"https:\/\/irankiuzona.lt\/ru\/wp-json\/wp\/v2\/media?parent=267838"}],"wp:term":[{"taxonomy":"product_cat","embeddable":true,"href":"https:\/\/irankiuzona.lt\/ru\/wp-json\/wp\/v2\/product_cat?post=267838"},{"taxonomy":"product_tag","embeddable":true,"href":"https:\/\/irankiuzona.lt\/ru\/wp-json\/wp\/v2\/product_tag?post=267838"}],"curies":[{"name":"wp","href":"https:\/\/api.w.org\/{rel}","templated":true}]}}