{"id":267850,"date":"2024-09-29T14:04:10","date_gmt":"2024-09-29T14:04:10","guid":{"rendered":"https:\/\/irankiuzona.lt\/product\/sailenbloku-presavimo-komplektas-10daliu\/"},"modified":"2026-04-11T06:10:57","modified_gmt":"2026-04-11T06:10:57","slug":"sailenbloku-presavimo-komplektas-10daliu","status":"publish","type":"product","link":"https:\/\/irankiuzona.lt\/ru\/product\/sailenbloku-presavimo-komplektas-10daliu\/","title":{"rendered":"Sailenblok\u0173 presavimo komplektas 10dali\u0173"},"content":{"rendered":"<p>C formos spaustuvas;Presavimo var\u017etas;Presavimo plok\u0161tel\u0117;Presavimo \u012fvori\u0173 laikikliai 2vnt.;Presavimo \u012fvor\u0117s atvirais galais 51mm;63mm;76mm;Presavimo \u012fvor\u0117s u\u017edaru galu 51mm;57mm;<\/p>","protected":false},"excerpt":{"rendered":"<p>Sailenblok\u0173 presavimo komplektas 10dali\u0173<\/p>","protected":false},"featured_media":267852,"comment_status":"open","ping_status":"closed","template":"","meta":[],"product_cat":[9731],"product_tag":[10151],"class_list":{"0":"post-267850","1":"product","2":"type-product","3":"status-publish","4":"has-post-thumbnail","6":"product_brand-lenkija-tiekejas","7":"product_cat-guoliu-sailentbloku-presavimo-irankiai","8":"product_tag-lenkija-tiekejas","10":"first","11":"outofstock","12":"purchasable","13":"product-type-simple"},"jetpack_sharing_enabled":true,"_links":{"self":[{"href":"https:\/\/irankiuzona.lt\/ru\/wp-json\/wp\/v2\/product\/267850","targetHints":{"allow":["GET"]}}],"collection":[{"href":"https:\/\/irankiuzona.lt\/ru\/wp-json\/wp\/v2\/product"}],"about":[{"href":"https:\/\/irankiuzona.lt\/ru\/wp-json\/wp\/v2\/types\/product"}],"replies":[{"embeddable":true,"href":"https:\/\/irankiuzona.lt\/ru\/wp-json\/wp\/v2\/comments?post=267850"}],"version-history":[{"count":1,"href":"https:\/\/irankiuzona.lt\/ru\/wp-json\/wp\/v2\/product\/267850\/revisions"}],"predecessor-version":[{"id":424431,"href":"https:\/\/irankiuzona.lt\/ru\/wp-json\/wp\/v2\/product\/267850\/revisions\/424431"}],"wp:featuredmedia":[{"embeddable":true,"href":"https:\/\/irankiuzona.lt\/ru\/wp-json\/wp\/v2\/media\/267852"}],"wp:attachment":[{"href":"https:\/\/irankiuzona.lt\/ru\/wp-json\/wp\/v2\/media?parent=267850"}],"wp:term":[{"taxonomy":"product_cat","embeddable":true,"href":"https:\/\/irankiuzona.lt\/ru\/wp-json\/wp\/v2\/product_cat?post=267850"},{"taxonomy":"product_tag","embeddable":true,"href":"https:\/\/irankiuzona.lt\/ru\/wp-json\/wp\/v2\/product_tag?post=267850"}],"curies":[{"name":"wp","href":"https:\/\/api.w.org\/{rel}","templated":true}]}}