{"id":267853,"date":"2024-09-29T14:04:10","date_gmt":"2024-09-29T14:04:10","guid":{"rendered":"https:\/\/irankiuzona.lt\/product\/guoliu-ir-sailenbloku-presavimo-komplektas-28-daliu\/"},"modified":"2026-04-11T04:21:14","modified_gmt":"2026-04-11T04:21:14","slug":"guoliu-ir-sailenbloku-presavimo-komplektas-28-daliu","status":"publish","type":"product","link":"https:\/\/irankiuzona.lt\/ru\/product\/guoliu-ir-sailenbloku-presavimo-komplektas-28-daliu\/","title":{"rendered":"Guoli\u0173 ir sailenblok\u0173 presavimo komplektas 28 dali\u0173"},"content":{"rendered":"<p>Presavimo \u012fvori\u0173 laikikliai 4vnt.Presavimo var\u017etai m10;m12;m14;m16.Presavimo \u012fvor\u0117s atvirais galais (vidinis\/i\u0161orinis diametras):\u00a034\/44mm;36\/46mm;38\/48mm;40\/50mm;42\/52mm; 44\/54mm;46\/56mm;48\/58mm;50\/60mm;52\/62mm;54\/64mm;56\/66mm;58\/68mm;60\/70mm;62\/72mm;64\/74mm; 66\/76mm;68\/78mm;70\/80mm;72\/82mm.<\/p>","protected":false},"excerpt":{"rendered":"<p>Guoli\u0173 ir sailenblok\u0173 presavimo komplektas 28 dali\u0173<\/p>","protected":false},"featured_media":267855,"comment_status":"open","ping_status":"open","template":"","meta":[],"product_cat":[9731],"product_tag":[10151],"class_list":{"0":"post-267853","1":"product","2":"type-product","3":"status-publish","4":"has-post-thumbnail","6":"product_brand-lenkija-tiekejas","7":"product_cat-guoliu-sailentbloku-presavimo-irankiai","8":"product_tag-lenkija-tiekejas","10":"first","11":"outofstock","12":"purchasable","13":"product-type-simple"},"jetpack_sharing_enabled":true,"_links":{"self":[{"href":"https:\/\/irankiuzona.lt\/ru\/wp-json\/wp\/v2\/product\/267853","targetHints":{"allow":["GET"]}}],"collection":[{"href":"https:\/\/irankiuzona.lt\/ru\/wp-json\/wp\/v2\/product"}],"about":[{"href":"https:\/\/irankiuzona.lt\/ru\/wp-json\/wp\/v2\/types\/product"}],"replies":[{"embeddable":true,"href":"https:\/\/irankiuzona.lt\/ru\/wp-json\/wp\/v2\/comments?post=267853"}],"version-history":[{"count":1,"href":"https:\/\/irankiuzona.lt\/ru\/wp-json\/wp\/v2\/product\/267853\/revisions"}],"predecessor-version":[{"id":424432,"href":"https:\/\/irankiuzona.lt\/ru\/wp-json\/wp\/v2\/product\/267853\/revisions\/424432"}],"wp:featuredmedia":[{"embeddable":true,"href":"https:\/\/irankiuzona.lt\/ru\/wp-json\/wp\/v2\/media\/267855"}],"wp:attachment":[{"href":"https:\/\/irankiuzona.lt\/ru\/wp-json\/wp\/v2\/media?parent=267853"}],"wp:term":[{"taxonomy":"product_cat","embeddable":true,"href":"https:\/\/irankiuzona.lt\/ru\/wp-json\/wp\/v2\/product_cat?post=267853"},{"taxonomy":"product_tag","embeddable":true,"href":"https:\/\/irankiuzona.lt\/ru\/wp-json\/wp\/v2\/product_tag?post=267853"}],"curies":[{"name":"wp","href":"https:\/\/api.w.org\/{rel}","templated":true}]}}