{"id":267871,"date":"2024-09-29T14:04:11","date_gmt":"2024-09-29T14:04:11","guid":{"rendered":"https:\/\/irankiuzona.lt\/product\/perejimas-is-1-i-15\/"},"modified":"2026-04-10T15:05:03","modified_gmt":"2026-04-10T15:05:03","slug":"perejimas-is-1-i-15","status":"publish","type":"product","link":"https:\/\/irankiuzona.lt\/ru\/product\/perejimas-is-1-i-15\/","title":{"rendered":"Per\u0117jimas i\u0161 1&quot; \u012f 1,5&quot;"},"content":{"rendered":"<p>Per\u0117jimas i\u0161 1&quot; \u012f 1,5&quot;<\/p>","protected":false},"excerpt":{"rendered":"<p>Per\u0117jimas i\u0161 1&quot; \u012f 1,5&quot;<\/p>","protected":false},"featured_media":267873,"comment_status":"open","ping_status":"open","template":"","meta":[],"product_cat":[9514],"product_tag":[10151],"class_list":{"0":"post-267871","1":"product","2":"type-product","3":"status-publish","4":"has-post-thumbnail","6":"product_brand-lenkija-tiekejas","7":"product_cat-smuginiai-cr-mo-perejimai","8":"product_tag-lenkija-tiekejas","10":"first","11":"instock","12":"purchasable","13":"product-type-simple"},"jetpack_sharing_enabled":true,"_links":{"self":[{"href":"https:\/\/irankiuzona.lt\/ru\/wp-json\/wp\/v2\/product\/267871","targetHints":{"allow":["GET"]}}],"collection":[{"href":"https:\/\/irankiuzona.lt\/ru\/wp-json\/wp\/v2\/product"}],"about":[{"href":"https:\/\/irankiuzona.lt\/ru\/wp-json\/wp\/v2\/types\/product"}],"replies":[{"embeddable":true,"href":"https:\/\/irankiuzona.lt\/ru\/wp-json\/wp\/v2\/comments?post=267871"}],"version-history":[{"count":1,"href":"https:\/\/irankiuzona.lt\/ru\/wp-json\/wp\/v2\/product\/267871\/revisions"}],"predecessor-version":[{"id":424438,"href":"https:\/\/irankiuzona.lt\/ru\/wp-json\/wp\/v2\/product\/267871\/revisions\/424438"}],"wp:featuredmedia":[{"embeddable":true,"href":"https:\/\/irankiuzona.lt\/ru\/wp-json\/wp\/v2\/media\/267873"}],"wp:attachment":[{"href":"https:\/\/irankiuzona.lt\/ru\/wp-json\/wp\/v2\/media?parent=267871"}],"wp:term":[{"taxonomy":"product_cat","embeddable":true,"href":"https:\/\/irankiuzona.lt\/ru\/wp-json\/wp\/v2\/product_cat?post=267871"},{"taxonomy":"product_tag","embeddable":true,"href":"https:\/\/irankiuzona.lt\/ru\/wp-json\/wp\/v2\/product_tag?post=267871"}],"curies":[{"name":"wp","href":"https:\/\/api.w.org\/{rel}","templated":true}]}}