{"id":267946,"date":"2024-09-29T14:04:16","date_gmt":"2024-09-29T14:04:16","guid":{"rendered":"https:\/\/irankiuzona.lt\/product\/suvirinimo-aparatas-inverterinis-mma300-re\/"},"modified":"2026-03-03T15:16:07","modified_gmt":"2026-03-03T15:16:07","slug":"suvirinimo-aparatas-inverterinis-mma300-re","status":"publish","type":"product","link":"https:\/\/irankiuzona.lt\/ru\/product\/suvirinimo-aparatas-inverterinis-mma300-re\/","title":{"rendered":"Suvirinimo aparatas inverterinis MMA300-RE"},"content":{"rendered":"<p>Galingas inverterinis suvirintojas su pa\u017eangia technologijaApsauga nuo perkrovos Apsauga nuo lipnumo, lanko j\u0117ga, greito paleidimo mygtukas Variklio generatorius LCD ekranas, srov\u0117s stiprumas Puikus lanko stabilumasPatikimas darbo \u012frankis profesionaliam ar asmeniniam naudojimuiAutomatinis \u012ftampos svyravim\u0173 kompensavimas Apsauga nuo vir\u0161\u012ftampi\u0173 ir per ma\u017eos \u012ftamposApsauga nuo perkrovos Oro au\u0161inimo ventiliacija Vielos padavimo valdymas Ne\u0161iojamas lengvas svoris su \u0161ilumine apsauga, su grei\u010dio reguliatoriumi.Med\u017eiaga: PlienasMaitinimo \u012ftampa: 230VV 50HzSrov\u0117: 300 amper\u0173Elektrodas: 1,6-4,0 mmKorpuso apsauga\/ Izoliacijos klas\u0117: IP21SDarbo ciklas: 60 % EN60974-1<\/p>","protected":false},"excerpt":{"rendered":"<p>Suvirinimo aparatas inverterinis MMA300-RE<\/p>","protected":false},"featured_media":267948,"comment_status":"open","ping_status":"open","template":"","meta":[],"product_cat":[9893],"product_tag":[10144],"class_list":{"0":"post-267946","1":"product","2":"type-product","3":"status-publish","4":"has-post-thumbnail","6":"product_brand-widmann","7":"product_cat-suvirinimo-iranga","8":"product_tag-widmann","10":"first","11":"outofstock","12":"purchasable","13":"product-type-simple"},"jetpack_sharing_enabled":true,"_links":{"self":[{"href":"https:\/\/irankiuzona.lt\/ru\/wp-json\/wp\/v2\/product\/267946","targetHints":{"allow":["GET"]}}],"collection":[{"href":"https:\/\/irankiuzona.lt\/ru\/wp-json\/wp\/v2\/product"}],"about":[{"href":"https:\/\/irankiuzona.lt\/ru\/wp-json\/wp\/v2\/types\/product"}],"replies":[{"embeddable":true,"href":"https:\/\/irankiuzona.lt\/ru\/wp-json\/wp\/v2\/comments?post=267946"}],"version-history":[{"count":1,"href":"https:\/\/irankiuzona.lt\/ru\/wp-json\/wp\/v2\/product\/267946\/revisions"}],"predecessor-version":[{"id":424463,"href":"https:\/\/irankiuzona.lt\/ru\/wp-json\/wp\/v2\/product\/267946\/revisions\/424463"}],"wp:featuredmedia":[{"embeddable":true,"href":"https:\/\/irankiuzona.lt\/ru\/wp-json\/wp\/v2\/media\/267948"}],"wp:attachment":[{"href":"https:\/\/irankiuzona.lt\/ru\/wp-json\/wp\/v2\/media?parent=267946"}],"wp:term":[{"taxonomy":"product_cat","embeddable":true,"href":"https:\/\/irankiuzona.lt\/ru\/wp-json\/wp\/v2\/product_cat?post=267946"},{"taxonomy":"product_tag","embeddable":true,"href":"https:\/\/irankiuzona.lt\/ru\/wp-json\/wp\/v2\/product_tag?post=267946"}],"curies":[{"name":"wp","href":"https:\/\/api.w.org\/{rel}","templated":true}]}}