{"id":267952,"date":"2024-09-29T14:04:16","date_gmt":"2024-09-29T14:04:16","guid":{"rendered":"https:\/\/irankiuzona.lt\/product\/spec-galvute-sugadintiems-varztams-1-2-15mm\/"},"modified":"2026-04-11T08:02:14","modified_gmt":"2026-04-11T08:02:14","slug":"spec-galvute-sugadintiems-varztams-1-2-15mm","status":"publish","type":"product","link":"https:\/\/irankiuzona.lt\/ru\/product\/spec-galvute-sugadintiems-varztams-1-2-15mm\/","title":{"rendered":"Spec. galvut\u0117 sugadintiems var\u017etams 1\/2 15mm"},"content":{"rendered":"<p>Sraigtin\u0117 galvut\u0117 1\/2 15mm sugadintam\/pa\u017eeistam var\u017etui ar ver\u017elei.Cr-Mo<\/p>","protected":false},"excerpt":{"rendered":"<p>Spec. galvut\u0117 sugadintiems var\u017etams 1\/2 15mm<\/p>","protected":false},"featured_media":267954,"comment_status":"open","ping_status":"open","template":"","meta":[],"product_cat":[9783],"product_tag":[10151],"class_list":{"0":"post-267952","1":"product","2":"type-product","3":"status-publish","4":"has-post-thumbnail","6":"product_brand-lenkija-tiekejas","7":"product_cat-galvutes-sugadintiems-varztams-verzlems-po-1vnt","8":"product_tag-lenkija-tiekejas","10":"first","11":"instock","12":"purchasable","13":"product-type-simple"},"jetpack_sharing_enabled":true,"_links":{"self":[{"href":"https:\/\/irankiuzona.lt\/ru\/wp-json\/wp\/v2\/product\/267952","targetHints":{"allow":["GET"]}}],"collection":[{"href":"https:\/\/irankiuzona.lt\/ru\/wp-json\/wp\/v2\/product"}],"about":[{"href":"https:\/\/irankiuzona.lt\/ru\/wp-json\/wp\/v2\/types\/product"}],"replies":[{"embeddable":true,"href":"https:\/\/irankiuzona.lt\/ru\/wp-json\/wp\/v2\/comments?post=267952"}],"version-history":[{"count":1,"href":"https:\/\/irankiuzona.lt\/ru\/wp-json\/wp\/v2\/product\/267952\/revisions"}],"predecessor-version":[{"id":424465,"href":"https:\/\/irankiuzona.lt\/ru\/wp-json\/wp\/v2\/product\/267952\/revisions\/424465"}],"wp:featuredmedia":[{"embeddable":true,"href":"https:\/\/irankiuzona.lt\/ru\/wp-json\/wp\/v2\/media\/267954"}],"wp:attachment":[{"href":"https:\/\/irankiuzona.lt\/ru\/wp-json\/wp\/v2\/media?parent=267952"}],"wp:term":[{"taxonomy":"product_cat","embeddable":true,"href":"https:\/\/irankiuzona.lt\/ru\/wp-json\/wp\/v2\/product_cat?post=267952"},{"taxonomy":"product_tag","embeddable":true,"href":"https:\/\/irankiuzona.lt\/ru\/wp-json\/wp\/v2\/product_tag?post=267952"}],"curies":[{"name":"wp","href":"https:\/\/api.w.org\/{rel}","templated":true}]}}