{"id":267985,"date":"2024-09-29T14:04:19","date_gmt":"2024-09-29T14:04:19","guid":{"rendered":"https:\/\/irankiuzona.lt\/product\/variklio-dirzo-montavimo-irankis-8-daliu\/"},"modified":"2026-02-05T18:20:58","modified_gmt":"2026-02-05T18:20:58","slug":"variklio-dirzo-montavimo-irankis-8-daliu","status":"publish","type":"product","link":"https:\/\/irankiuzona.lt\/ru\/product\/variklio-dirzo-montavimo-irankis-8-daliu\/","title":{"rendered":"Variklio dir\u017eo montavimo \u012frankis 8 dali\u0173"},"content":{"rendered":"<p>Variklio dir\u017eo montavimo \u012frankis 8 dali\u0173<\/p>","protected":false},"excerpt":{"rendered":"<p>Variklio dir\u017eo montavimo \u012frankis 8 dali\u0173<\/p>","protected":false},"featured_media":267987,"comment_status":"open","ping_status":"open","template":"","meta":[],"product_cat":[9554],"product_tag":[10130],"class_list":{"0":"post-267985","1":"product","2":"type-product","3":"status-publish","4":"has-post-thumbnail","6":"product_brand-satra-lenkija","7":"product_cat-irankiai-dirzeliui-dirzo-itempimui","8":"product_tag-satra-lenkija","10":"first","11":"outofstock","12":"purchasable","13":"product-type-simple"},"jetpack_sharing_enabled":true,"_links":{"self":[{"href":"https:\/\/irankiuzona.lt\/ru\/wp-json\/wp\/v2\/product\/267985","targetHints":{"allow":["GET"]}}],"collection":[{"href":"https:\/\/irankiuzona.lt\/ru\/wp-json\/wp\/v2\/product"}],"about":[{"href":"https:\/\/irankiuzona.lt\/ru\/wp-json\/wp\/v2\/types\/product"}],"replies":[{"embeddable":true,"href":"https:\/\/irankiuzona.lt\/ru\/wp-json\/wp\/v2\/comments?post=267985"}],"version-history":[{"count":1,"href":"https:\/\/irankiuzona.lt\/ru\/wp-json\/wp\/v2\/product\/267985\/revisions"}],"predecessor-version":[{"id":424476,"href":"https:\/\/irankiuzona.lt\/ru\/wp-json\/wp\/v2\/product\/267985\/revisions\/424476"}],"wp:featuredmedia":[{"embeddable":true,"href":"https:\/\/irankiuzona.lt\/ru\/wp-json\/wp\/v2\/media\/267987"}],"wp:attachment":[{"href":"https:\/\/irankiuzona.lt\/ru\/wp-json\/wp\/v2\/media?parent=267985"}],"wp:term":[{"taxonomy":"product_cat","embeddable":true,"href":"https:\/\/irankiuzona.lt\/ru\/wp-json\/wp\/v2\/product_cat?post=267985"},{"taxonomy":"product_tag","embeddable":true,"href":"https:\/\/irankiuzona.lt\/ru\/wp-json\/wp\/v2\/product_tag?post=267985"}],"curies":[{"name":"wp","href":"https:\/\/api.w.org\/{rel}","templated":true}]}}