{"id":268029,"date":"2024-09-29T14:04:22","date_gmt":"2024-09-29T14:04:22","guid":{"rendered":"https:\/\/irankiuzona.lt\/product\/laidziu-medziagu-sujungeju-rinkinys-50-vnt\/"},"modified":"2026-04-19T12:48:14","modified_gmt":"2026-04-19T12:48:14","slug":"laidziu-medziagu-sujungeju-rinkinys-50-vnt","status":"publish","type":"product","link":"https:\/\/irankiuzona.lt\/ru\/product\/laidziu-medziagu-sujungeju-rinkinys-50-vnt\/","title":{"rendered":"Laid\u017ei\u0173 med\u017eiag\u0173 sujung\u0117j\u0173 rinkinys 50 vnt"},"content":{"rendered":"<p>Raudona greitoji jungtis:<br \/>\nLaid\u0173 diapazonas (A.W.G): 22-18Vielos skerspj\u016bvis: 0,5-1,0mm2Matmenys: P: 20,0 mm \/ Ilgis: 27,0 mmMaks. Srov\u0117: 10A<br \/>\nM\u0117lyna greitoji jungtis:<br \/>\nLaid\u0173 diapazonas (A.W.G): 18-14Vielos skerspj\u016bvis: 0,75-2,5mm2Matmenys: P: 20,0 mm \/ Ilgis: 27,0 mmMaks. Srov\u0117: 15A<\/p>","protected":false},"excerpt":{"rendered":"<p>Laid\u017ei\u0173 med\u017eiag\u0173 sujung\u0117j\u0173 rinkinys 50 vnt<\/p>","protected":false},"featured_media":268031,"comment_status":"open","ping_status":"open","template":"","meta":[],"product_cat":[9654],"product_tag":[10131],"class_list":{"0":"post-268029","1":"product","2":"type-product","3":"status-publish","4":"has-post-thumbnail","6":"product_brand-asta-lenkija","7":"product_cat-jungtys-izoliacines-juostos","8":"product_tag-asta-lenkija","10":"first","11":"instock","12":"purchasable","13":"product-type-simple"},"jetpack_sharing_enabled":true,"_links":{"self":[{"href":"https:\/\/irankiuzona.lt\/ru\/wp-json\/wp\/v2\/product\/268029","targetHints":{"allow":["GET"]}}],"collection":[{"href":"https:\/\/irankiuzona.lt\/ru\/wp-json\/wp\/v2\/product"}],"about":[{"href":"https:\/\/irankiuzona.lt\/ru\/wp-json\/wp\/v2\/types\/product"}],"replies":[{"embeddable":true,"href":"https:\/\/irankiuzona.lt\/ru\/wp-json\/wp\/v2\/comments?post=268029"}],"version-history":[{"count":1,"href":"https:\/\/irankiuzona.lt\/ru\/wp-json\/wp\/v2\/product\/268029\/revisions"}],"predecessor-version":[{"id":424491,"href":"https:\/\/irankiuzona.lt\/ru\/wp-json\/wp\/v2\/product\/268029\/revisions\/424491"}],"wp:featuredmedia":[{"embeddable":true,"href":"https:\/\/irankiuzona.lt\/ru\/wp-json\/wp\/v2\/media\/268031"}],"wp:attachment":[{"href":"https:\/\/irankiuzona.lt\/ru\/wp-json\/wp\/v2\/media?parent=268029"}],"wp:term":[{"taxonomy":"product_cat","embeddable":true,"href":"https:\/\/irankiuzona.lt\/ru\/wp-json\/wp\/v2\/product_cat?post=268029"},{"taxonomy":"product_tag","embeddable":true,"href":"https:\/\/irankiuzona.lt\/ru\/wp-json\/wp\/v2\/product_tag?post=268029"}],"curies":[{"name":"wp","href":"https:\/\/api.w.org\/{rel}","templated":true}]}}