{"id":268059,"date":"2024-09-29T14:04:24","date_gmt":"2024-09-29T14:04:24","guid":{"rendered":"https:\/\/irankiuzona.lt\/product\/apsauginiai-akiniai-messeken\/"},"modified":"2026-04-21T14:55:32","modified_gmt":"2026-04-21T14:55:32","slug":"apsauginiai-akiniai-messeken","status":"publish","type":"product","link":"https:\/\/irankiuzona.lt\/ru\/product\/apsauginiai-akiniai-messeken\/","title":{"rendered":"Apsauginiai akiniai MESSEKEN"},"content":{"rendered":"<p>R\u0117mo med\u017eiaga: PVC (polivinilchloridas);<br \/>\nl\u0119\u0161i\u0173 med\u017eiaga: PC (polikarbonatas);<br \/>\nAusini\u0173 kau\u0161eli\u0173 med\u017eiaga: guma;<br \/>\nnosies med\u017eiaga: PVC (polivinilchloridas);<br \/>\nApsaugin\u0117 kategorija: II;<br \/>\noptin\u0117 klas\u0117: 1 (skirta ne\u0161ioti nuolat);<br \/>\ntaikomi standartai: EN 166;<br \/>\ntur\u0117ti CE atitikties \u017eenkl\u0105;<br \/>\nl\u0119\u0161io \u017eym\u0117jimas: H 166 F CE \u2013 2C-1,2 H 1 F CE;<br \/>\nUV 400 apsauginis filtras;<br \/>\nl\u0119\u0161io storis: 2,0 mm;<br \/>\nmechaninis stiprumas: F (ma\u017eos energijos sm\u016bgis 45m\/s);<br \/>\n\u012ebr\u0117\u017eimams atspari danga u\u017etikrina atsparum\u0105 \u012fbr\u0117\u017eimams;<br \/>\nAntirasojimo danga apsaugo nuo rasojimo;<br \/>\nl\u0119\u0161io spalva: skaidri, atspalvio numeris 1.2;<br \/>\n4 orlaid\u0117s;<br \/>\nProdukto svoris: 105g.<\/p>","protected":false},"excerpt":{"rendered":"<p>Apsauginiai akiniai MESSEKEN<\/p>","protected":false},"featured_media":268061,"comment_status":"open","ping_status":"open","template":"","meta":[],"product_cat":[9848],"product_tag":[9969],"class_list":{"0":"post-268059","1":"product","2":"type-product","3":"status-publish","4":"has-post-thumbnail","6":"product_brand-hogert-technik-vokietija","7":"product_cat-apsauginiai-akiniai","8":"product_tag-hogert-technik-vokietija","10":"first","11":"instock","12":"purchasable","13":"product-type-simple"},"jetpack_sharing_enabled":true,"_links":{"self":[{"href":"https:\/\/irankiuzona.lt\/ru\/wp-json\/wp\/v2\/product\/268059","targetHints":{"allow":["GET"]}}],"collection":[{"href":"https:\/\/irankiuzona.lt\/ru\/wp-json\/wp\/v2\/product"}],"about":[{"href":"https:\/\/irankiuzona.lt\/ru\/wp-json\/wp\/v2\/types\/product"}],"replies":[{"embeddable":true,"href":"https:\/\/irankiuzona.lt\/ru\/wp-json\/wp\/v2\/comments?post=268059"}],"version-history":[{"count":1,"href":"https:\/\/irankiuzona.lt\/ru\/wp-json\/wp\/v2\/product\/268059\/revisions"}],"predecessor-version":[{"id":424501,"href":"https:\/\/irankiuzona.lt\/ru\/wp-json\/wp\/v2\/product\/268059\/revisions\/424501"}],"wp:featuredmedia":[{"embeddable":true,"href":"https:\/\/irankiuzona.lt\/ru\/wp-json\/wp\/v2\/media\/268061"}],"wp:attachment":[{"href":"https:\/\/irankiuzona.lt\/ru\/wp-json\/wp\/v2\/media?parent=268059"}],"wp:term":[{"taxonomy":"product_cat","embeddable":true,"href":"https:\/\/irankiuzona.lt\/ru\/wp-json\/wp\/v2\/product_cat?post=268059"},{"taxonomy":"product_tag","embeddable":true,"href":"https:\/\/irankiuzona.lt\/ru\/wp-json\/wp\/v2\/product_tag?post=268059"}],"curies":[{"name":"wp","href":"https:\/\/api.w.org\/{rel}","templated":true}]}}