{"id":268071,"date":"2024-09-29T14:04:25","date_gmt":"2024-09-29T14:04:25","guid":{"rendered":"https:\/\/irankiuzona.lt\/product\/rite-automatine-su-pc-zarna-vandeniui-20m\/"},"modified":"2026-05-06T20:10:58","modified_gmt":"2026-05-06T20:10:58","slug":"rite-automatine-su-pc-zarna-vandeniui-20m","status":"publish","type":"product","link":"https:\/\/irankiuzona.lt\/ru\/product\/rite-automatine-su-pc-zarna-vandeniui-20m\/","title":{"rendered":"Rit\u0117 automatin\u0117 su PC \u017earna vandeniui 20m"},"content":{"rendered":"<p>Darbinis sl\u0117gis: 8 barai\u017darnos ilgis: 20mJungiamosios \u017earnos ilgis: 2m\u017earna i\u0161or\u0117je: 16 mmVidin\u0117 \u017earna: 12 mmJungtis: 3\/4&#8243;Maks. darbin\u0117 temperat\u016bra: -5\u02daC iki 45\u02daCSvoris: 7,50 kgMatmenys: 400x370x210 mm<\/p>","protected":false},"excerpt":{"rendered":"<p>Rit\u0117 automatin\u0117 su PC \u017earna vandeniui 20m<\/p>","protected":false},"featured_media":268073,"comment_status":"open","ping_status":"closed","template":"","meta":[],"product_cat":[9657],"product_tag":[10131],"class_list":{"0":"post-268071","1":"product","2":"type-product","3":"status-publish","4":"has-post-thumbnail","6":"product_brand-asta-lenkija","7":"product_cat-pneumatines-oro-zarnos","8":"product_tag-asta-lenkija","10":"first","11":"instock","12":"purchasable","13":"product-type-simple"},"jetpack_sharing_enabled":true,"_links":{"self":[{"href":"https:\/\/irankiuzona.lt\/ru\/wp-json\/wp\/v2\/product\/268071","targetHints":{"allow":["GET"]}}],"collection":[{"href":"https:\/\/irankiuzona.lt\/ru\/wp-json\/wp\/v2\/product"}],"about":[{"href":"https:\/\/irankiuzona.lt\/ru\/wp-json\/wp\/v2\/types\/product"}],"replies":[{"embeddable":true,"href":"https:\/\/irankiuzona.lt\/ru\/wp-json\/wp\/v2\/comments?post=268071"}],"version-history":[{"count":1,"href":"https:\/\/irankiuzona.lt\/ru\/wp-json\/wp\/v2\/product\/268071\/revisions"}],"predecessor-version":[{"id":424505,"href":"https:\/\/irankiuzona.lt\/ru\/wp-json\/wp\/v2\/product\/268071\/revisions\/424505"}],"wp:featuredmedia":[{"embeddable":true,"href":"https:\/\/irankiuzona.lt\/ru\/wp-json\/wp\/v2\/media\/268073"}],"wp:attachment":[{"href":"https:\/\/irankiuzona.lt\/ru\/wp-json\/wp\/v2\/media?parent=268071"}],"wp:term":[{"taxonomy":"product_cat","embeddable":true,"href":"https:\/\/irankiuzona.lt\/ru\/wp-json\/wp\/v2\/product_cat?post=268071"},{"taxonomy":"product_tag","embeddable":true,"href":"https:\/\/irankiuzona.lt\/ru\/wp-json\/wp\/v2\/product_tag?post=268071"}],"curies":[{"name":"wp","href":"https:\/\/api.w.org\/{rel}","templated":true}]}}