{"id":268119,"date":"2024-09-29T14:04:28","date_gmt":"2024-09-29T14:04:28","guid":{"rendered":"https:\/\/irankiuzona.lt\/product\/medzio-pjovimo-diskas-50060t\/"},"modified":"2026-04-13T12:22:40","modified_gmt":"2026-04-13T12:22:40","slug":"medzio-pjovimo-diskas-50060t","status":"publish","type":"product","link":"https:\/\/irankiuzona.lt\/ru\/product\/medzio-pjovimo-diskas-50060t\/","title":{"rendered":"Med\u017eio pjovimo diskas 500*60T"},"content":{"rendered":"<p>Disko skersmuo 500 mmDisko dantuk\u0173 skai\u010dius 60 Disko skyl\u0117s skersmuo 30 mm (adapteris 16 ir 20 mm)<\/p>","protected":false},"excerpt":{"rendered":"<p>Med\u017eio pjovimo diskas 500*60T<\/p>","protected":false},"featured_media":268121,"comment_status":"open","ping_status":"open","template":"","meta":[],"product_cat":[9473],"product_tag":[9646],"class_list":{"0":"post-268119","1":"product","2":"type-product","3":"status-publish","4":"has-post-thumbnail","6":"product_brand-drel-lenkija","7":"product_cat-medzio-pjovimo-diskai","8":"product_tag-drel-lenkija","10":"first","11":"instock","12":"purchasable","13":"product-type-simple"},"jetpack_sharing_enabled":true,"_links":{"self":[{"href":"https:\/\/irankiuzona.lt\/ru\/wp-json\/wp\/v2\/product\/268119","targetHints":{"allow":["GET"]}}],"collection":[{"href":"https:\/\/irankiuzona.lt\/ru\/wp-json\/wp\/v2\/product"}],"about":[{"href":"https:\/\/irankiuzona.lt\/ru\/wp-json\/wp\/v2\/types\/product"}],"replies":[{"embeddable":true,"href":"https:\/\/irankiuzona.lt\/ru\/wp-json\/wp\/v2\/comments?post=268119"}],"version-history":[{"count":1,"href":"https:\/\/irankiuzona.lt\/ru\/wp-json\/wp\/v2\/product\/268119\/revisions"}],"predecessor-version":[{"id":424521,"href":"https:\/\/irankiuzona.lt\/ru\/wp-json\/wp\/v2\/product\/268119\/revisions\/424521"}],"wp:featuredmedia":[{"embeddable":true,"href":"https:\/\/irankiuzona.lt\/ru\/wp-json\/wp\/v2\/media\/268121"}],"wp:attachment":[{"href":"https:\/\/irankiuzona.lt\/ru\/wp-json\/wp\/v2\/media?parent=268119"}],"wp:term":[{"taxonomy":"product_cat","embeddable":true,"href":"https:\/\/irankiuzona.lt\/ru\/wp-json\/wp\/v2\/product_cat?post=268119"},{"taxonomy":"product_tag","embeddable":true,"href":"https:\/\/irankiuzona.lt\/ru\/wp-json\/wp\/v2\/product_tag?post=268119"}],"curies":[{"name":"wp","href":"https:\/\/api.w.org\/{rel}","templated":true}]}}