{"id":268134,"date":"2024-09-29T14:04:29","date_gmt":"2024-09-29T14:04:29","guid":{"rendered":"https:\/\/irankiuzona.lt\/product\/spec-galvutes-1-4-zvakes-elektrodams\/"},"modified":"2026-04-17T14:22:10","modified_gmt":"2026-04-17T14:22:10","slug":"spec-galvutes-1-4-zvakes-elektrodams","status":"publish","type":"product","link":"https:\/\/irankiuzona.lt\/ru\/product\/spec-galvutes-1-4-zvakes-elektrodams\/","title":{"rendered":"Spec. galvut\u0117s 1\/4&quot; \u017evak\u0117s elektrodams"},"content":{"rendered":"<p>Spec. galvut\u0117s 1\/4&quot; \u017evak\u0117s elektrodams<\/p>","protected":false},"excerpt":{"rendered":"<p>Spec. galvut\u0117s 1\/4&quot; \u017evak\u0117s elektrodams<\/p>","protected":false},"featured_media":268136,"comment_status":"open","ping_status":"open","template":"","meta":[],"product_cat":[9699],"product_tag":[9462],"class_list":{"0":"post-268134","1":"product","2":"type-product","3":"status-publish","4":"has-post-thumbnail","6":"product_brand-condor-werkzeug-vokietija","7":"product_cat-uzluzusiu-zvakiu-remontui","8":"product_tag-condor-werkzeug-vokietija","10":"first","11":"instock","12":"purchasable","13":"product-type-simple"},"jetpack_sharing_enabled":true,"_links":{"self":[{"href":"https:\/\/irankiuzona.lt\/ru\/wp-json\/wp\/v2\/product\/268134","targetHints":{"allow":["GET"]}}],"collection":[{"href":"https:\/\/irankiuzona.lt\/ru\/wp-json\/wp\/v2\/product"}],"about":[{"href":"https:\/\/irankiuzona.lt\/ru\/wp-json\/wp\/v2\/types\/product"}],"replies":[{"embeddable":true,"href":"https:\/\/irankiuzona.lt\/ru\/wp-json\/wp\/v2\/comments?post=268134"}],"version-history":[{"count":1,"href":"https:\/\/irankiuzona.lt\/ru\/wp-json\/wp\/v2\/product\/268134\/revisions"}],"predecessor-version":[{"id":424526,"href":"https:\/\/irankiuzona.lt\/ru\/wp-json\/wp\/v2\/product\/268134\/revisions\/424526"}],"wp:featuredmedia":[{"embeddable":true,"href":"https:\/\/irankiuzona.lt\/ru\/wp-json\/wp\/v2\/media\/268136"}],"wp:attachment":[{"href":"https:\/\/irankiuzona.lt\/ru\/wp-json\/wp\/v2\/media?parent=268134"}],"wp:term":[{"taxonomy":"product_cat","embeddable":true,"href":"https:\/\/irankiuzona.lt\/ru\/wp-json\/wp\/v2\/product_cat?post=268134"},{"taxonomy":"product_tag","embeddable":true,"href":"https:\/\/irankiuzona.lt\/ru\/wp-json\/wp\/v2\/product_tag?post=268134"}],"curies":[{"name":"wp","href":"https:\/\/api.w.org\/{rel}","templated":true}]}}