{"id":268182,"date":"2024-09-29T14:04:33","date_gmt":"2024-09-29T14:04:33","guid":{"rendered":"https:\/\/irankiuzona.lt\/product\/kombinuotu-ir-kilpiniu-raktu-komplektas-su-deklu-vezimeliui-31vnt\/"},"modified":"2026-04-10T22:16:29","modified_gmt":"2026-04-10T22:16:29","slug":"kombinuotu-ir-kilpiniu-raktu-komplektas-su-deklu-vezimeliui-31vnt","status":"publish","type":"product","link":"https:\/\/irankiuzona.lt\/ru\/product\/kombinuotu-ir-kilpiniu-raktu-komplektas-su-deklu-vezimeliui-31vnt\/","title":{"rendered":"Kombinuot\u0173 ir kilpini\u0173 rakt\u0173 komplektas \/ su d\u0117klu ve\u017eim\u0117liui 31vnt."},"content":{"rendered":"<p>Komplekte:Raktai ties\u016bs : 6\/7\/8\/9\/10\/11\/12\/13\/14\/15\/16\/17\/18\/19\/20\/21\/22\/24\/27\/30\/32 mmRaktai kilpiniai : 6&#215;7\/8&#215;9\/10&#215;11\/13&#215;13\/14&#215;15\/16&#215;17\/18&#215;19\/20&#215;22\/21&#215;23\/24&#215;27 mm<\/p>","protected":false},"excerpt":{"rendered":"<p>Kombinuot\u0173 ir kilpini\u0173 rakt\u0173 komplektas \/ su d\u0117klu ve\u017eim\u0117liui 31vnt.<\/p>","protected":false},"featured_media":268184,"comment_status":"open","ping_status":"open","template":"","meta":[],"product_cat":[9870],"product_tag":[9462],"class_list":{"0":"post-268182","1":"product","2":"type-product","3":"status-publish","4":"has-post-thumbnail","6":"product_brand-condor-werkzeug-vokietija","7":"product_cat-deklai-i-vezimus-su-irankiais-ir-tusti","8":"product_tag-condor-werkzeug-vokietija","10":"first","11":"instock","12":"purchasable","13":"product-type-simple"},"jetpack_sharing_enabled":true,"_links":{"self":[{"href":"https:\/\/irankiuzona.lt\/ru\/wp-json\/wp\/v2\/product\/268182","targetHints":{"allow":["GET"]}}],"collection":[{"href":"https:\/\/irankiuzona.lt\/ru\/wp-json\/wp\/v2\/product"}],"about":[{"href":"https:\/\/irankiuzona.lt\/ru\/wp-json\/wp\/v2\/types\/product"}],"replies":[{"embeddable":true,"href":"https:\/\/irankiuzona.lt\/ru\/wp-json\/wp\/v2\/comments?post=268182"}],"version-history":[{"count":1,"href":"https:\/\/irankiuzona.lt\/ru\/wp-json\/wp\/v2\/product\/268182\/revisions"}],"predecessor-version":[{"id":424544,"href":"https:\/\/irankiuzona.lt\/ru\/wp-json\/wp\/v2\/product\/268182\/revisions\/424544"}],"wp:featuredmedia":[{"embeddable":true,"href":"https:\/\/irankiuzona.lt\/ru\/wp-json\/wp\/v2\/media\/268184"}],"wp:attachment":[{"href":"https:\/\/irankiuzona.lt\/ru\/wp-json\/wp\/v2\/media?parent=268182"}],"wp:term":[{"taxonomy":"product_cat","embeddable":true,"href":"https:\/\/irankiuzona.lt\/ru\/wp-json\/wp\/v2\/product_cat?post=268182"},{"taxonomy":"product_tag","embeddable":true,"href":"https:\/\/irankiuzona.lt\/ru\/wp-json\/wp\/v2\/product_tag?post=268182"}],"curies":[{"name":"wp","href":"https:\/\/api.w.org\/{rel}","templated":true}]}}