{"id":268185,"date":"2024-09-29T14:04:33","date_gmt":"2024-09-29T14:04:33","guid":{"rendered":"https:\/\/irankiuzona.lt\/product\/l-formos-metriniu-ir-coliniu-raktu-komplektas-36vnt\/"},"modified":"2026-04-10T20:22:34","modified_gmt":"2026-04-10T20:22:34","slug":"l-formos-metriniu-ir-coliniu-raktu-komplektas-36vnt","status":"publish","type":"product","link":"https:\/\/irankiuzona.lt\/ru\/product\/l-formos-metriniu-ir-coliniu-raktu-komplektas-36vnt\/","title":{"rendered":"L-formos metrini\u0173 ir colini\u0173 rakt\u0173 komplektas 36vnt."},"content":{"rendered":"<p>36vnt<\/p>","protected":false},"excerpt":{"rendered":"<p>L-formos metrini\u0173 ir colini\u0173 rakt\u0173 komplektas 36vnt.<\/p>","protected":false},"featured_media":268187,"comment_status":"open","ping_status":"open","template":"","meta":[],"product_cat":[9882],"product_tag":[9462],"class_list":{"0":"post-268185","1":"product","2":"type-product","3":"status-publish","4":"has-post-thumbnail","6":"product_brand-condor-werkzeug-vokietija","7":"product_cat-l-formos-hex-raktai","8":"product_tag-condor-werkzeug-vokietija","10":"first","11":"instock","12":"purchasable","13":"product-type-simple"},"jetpack_sharing_enabled":true,"_links":{"self":[{"href":"https:\/\/irankiuzona.lt\/ru\/wp-json\/wp\/v2\/product\/268185","targetHints":{"allow":["GET"]}}],"collection":[{"href":"https:\/\/irankiuzona.lt\/ru\/wp-json\/wp\/v2\/product"}],"about":[{"href":"https:\/\/irankiuzona.lt\/ru\/wp-json\/wp\/v2\/types\/product"}],"replies":[{"embeddable":true,"href":"https:\/\/irankiuzona.lt\/ru\/wp-json\/wp\/v2\/comments?post=268185"}],"version-history":[{"count":1,"href":"https:\/\/irankiuzona.lt\/ru\/wp-json\/wp\/v2\/product\/268185\/revisions"}],"predecessor-version":[{"id":424545,"href":"https:\/\/irankiuzona.lt\/ru\/wp-json\/wp\/v2\/product\/268185\/revisions\/424545"}],"wp:featuredmedia":[{"embeddable":true,"href":"https:\/\/irankiuzona.lt\/ru\/wp-json\/wp\/v2\/media\/268187"}],"wp:attachment":[{"href":"https:\/\/irankiuzona.lt\/ru\/wp-json\/wp\/v2\/media?parent=268185"}],"wp:term":[{"taxonomy":"product_cat","embeddable":true,"href":"https:\/\/irankiuzona.lt\/ru\/wp-json\/wp\/v2\/product_cat?post=268185"},{"taxonomy":"product_tag","embeddable":true,"href":"https:\/\/irankiuzona.lt\/ru\/wp-json\/wp\/v2\/product_tag?post=268185"}],"curies":[{"name":"wp","href":"https:\/\/api.w.org\/{rel}","templated":true}]}}