{"id":268332,"date":"2024-09-29T14:04:43","date_gmt":"2024-09-29T14:04:43","guid":{"rendered":"https:\/\/irankiuzona.lt\/product\/galvute-1-smugine-44mm\/"},"modified":"2026-04-05T06:33:05","modified_gmt":"2026-04-05T06:33:05","slug":"galvute-1-smugine-44mm","status":"publish","type":"product","link":"https:\/\/irankiuzona.lt\/ru\/product\/galvute-1-smugine-44mm\/","title":{"rendered":"Galvut\u0117 1&quot; sm\u016bgin\u0117 44mm"},"content":{"rendered":"<p>Lizdas &#8211; 1&quot;44mm<\/p>","protected":false},"excerpt":{"rendered":"<p>Galvut\u0117 1&quot; sm\u016bgin\u0117 44mm<\/p>","protected":false},"featured_media":268334,"comment_status":"open","ping_status":"open","template":"","meta":[],"product_cat":[9772],"product_tag":[10151],"class_list":{"0":"post-268332","1":"product","2":"type-product","3":"status-publish","4":"has-post-thumbnail","6":"product_brand-lenkija-tiekejas","7":"product_cat-1-25-mm-trumpos-ir-ilgos-smugines-sesiakampes-galvutes","8":"product_tag-lenkija-tiekejas","10":"first","11":"outofstock","12":"purchasable","13":"product-type-simple"},"jetpack_sharing_enabled":true,"_links":{"self":[{"href":"https:\/\/irankiuzona.lt\/ru\/wp-json\/wp\/v2\/product\/268332","targetHints":{"allow":["GET"]}}],"collection":[{"href":"https:\/\/irankiuzona.lt\/ru\/wp-json\/wp\/v2\/product"}],"about":[{"href":"https:\/\/irankiuzona.lt\/ru\/wp-json\/wp\/v2\/types\/product"}],"replies":[{"embeddable":true,"href":"https:\/\/irankiuzona.lt\/ru\/wp-json\/wp\/v2\/comments?post=268332"}],"version-history":[{"count":0,"href":"https:\/\/irankiuzona.lt\/ru\/wp-json\/wp\/v2\/product\/268332\/revisions"}],"wp:featuredmedia":[{"embeddable":true,"href":"https:\/\/irankiuzona.lt\/ru\/wp-json\/wp\/v2\/media\/268334"}],"wp:attachment":[{"href":"https:\/\/irankiuzona.lt\/ru\/wp-json\/wp\/v2\/media?parent=268332"}],"wp:term":[{"taxonomy":"product_cat","embeddable":true,"href":"https:\/\/irankiuzona.lt\/ru\/wp-json\/wp\/v2\/product_cat?post=268332"},{"taxonomy":"product_tag","embeddable":true,"href":"https:\/\/irankiuzona.lt\/ru\/wp-json\/wp\/v2\/product_tag?post=268332"}],"curies":[{"name":"wp","href":"https:\/\/api.w.org\/{rel}","templated":true}]}}