{"id":268371,"date":"2024-09-29T14:04:46","date_gmt":"2024-09-29T14:04:46","guid":{"rendered":"https:\/\/irankiuzona.lt\/product\/galvute-1-smugine-68mm\/"},"modified":"2026-05-09T08:42:09","modified_gmt":"2026-05-09T08:42:09","slug":"galvute-1-smugine-68mm","status":"publish","type":"product","link":"https:\/\/irankiuzona.lt\/ru\/product\/galvute-1-smugine-68mm\/","title":{"rendered":"Galvut\u0117 1&quot; sm\u016bgin\u0117 68mm"},"content":{"rendered":"<p>Lizdas &#8211; 1&quot;68mm<\/p>","protected":false},"excerpt":{"rendered":"<p>Galvut\u0117 1&quot; sm\u016bgin\u0117 68mm<\/p>","protected":false},"featured_media":268373,"comment_status":"open","ping_status":"open","template":"","meta":[],"product_cat":[9772],"product_tag":[10151],"class_list":{"0":"post-268371","1":"product","2":"type-product","3":"status-publish","4":"has-post-thumbnail","6":"product_brand-lenkija-tiekejas","7":"product_cat-1-25-mm-trumpos-ir-ilgos-smugines-sesiakampes-galvutes","8":"product_tag-lenkija-tiekejas","10":"first","11":"instock","12":"purchasable","13":"product-type-simple"},"jetpack_sharing_enabled":true,"_links":{"self":[{"href":"https:\/\/irankiuzona.lt\/ru\/wp-json\/wp\/v2\/product\/268371","targetHints":{"allow":["GET"]}}],"collection":[{"href":"https:\/\/irankiuzona.lt\/ru\/wp-json\/wp\/v2\/product"}],"about":[{"href":"https:\/\/irankiuzona.lt\/ru\/wp-json\/wp\/v2\/types\/product"}],"replies":[{"embeddable":true,"href":"https:\/\/irankiuzona.lt\/ru\/wp-json\/wp\/v2\/comments?post=268371"}],"version-history":[{"count":1,"href":"https:\/\/irankiuzona.lt\/ru\/wp-json\/wp\/v2\/product\/268371\/revisions"}],"predecessor-version":[{"id":424609,"href":"https:\/\/irankiuzona.lt\/ru\/wp-json\/wp\/v2\/product\/268371\/revisions\/424609"}],"wp:featuredmedia":[{"embeddable":true,"href":"https:\/\/irankiuzona.lt\/ru\/wp-json\/wp\/v2\/media\/268373"}],"wp:attachment":[{"href":"https:\/\/irankiuzona.lt\/ru\/wp-json\/wp\/v2\/media?parent=268371"}],"wp:term":[{"taxonomy":"product_cat","embeddable":true,"href":"https:\/\/irankiuzona.lt\/ru\/wp-json\/wp\/v2\/product_cat?post=268371"},{"taxonomy":"product_tag","embeddable":true,"href":"https:\/\/irankiuzona.lt\/ru\/wp-json\/wp\/v2\/product_tag?post=268371"}],"curies":[{"name":"wp","href":"https:\/\/api.w.org\/{rel}","templated":true}]}}