{"id":268374,"date":"2024-09-29T14:04:47","date_gmt":"2024-09-29T14:04:47","guid":{"rendered":"https:\/\/irankiuzona.lt\/product\/elektrinis-graztu-peiliu-universalus-galastuvas-65w\/"},"modified":"2026-05-09T06:53:56","modified_gmt":"2026-05-09T06:53:56","slug":"elektrinis-graztu-peiliu-universalus-galastuvas-65w","status":"publish","type":"product","link":"https:\/\/irankiuzona.lt\/ru\/product\/elektrinis-graztu-peiliu-universalus-galastuvas-65w\/","title":{"rendered":"Elektrinis gr\u0105\u017et\u0173-peili\u0173 universalus gal\u0105stuvas 65W"},"content":{"rendered":"<p>220V &#8211; 50Hz &#8211; 65W &#8211; 6000 s\u016bk\/min<\/p>","protected":false},"excerpt":{"rendered":"<p>Universalus gal\u0105stuvas 65W gr\u0105\u017etams, peiliams ir pn\u0161.<\/p>","protected":false},"featured_media":268376,"comment_status":"open","ping_status":"closed","template":"","meta":[],"product_cat":[10081],"product_tag":[10151],"class_list":{"0":"post-268374","1":"product","2":"type-product","3":"status-publish","4":"has-post-thumbnail","6":"product_brand-lenkija-tiekejas","7":"product_cat-elektriniai-galastuvai","8":"product_tag-lenkija-tiekejas","10":"first","11":"outofstock","12":"purchasable","13":"product-type-simple"},"jetpack_sharing_enabled":true,"_links":{"self":[{"href":"https:\/\/irankiuzona.lt\/ru\/wp-json\/wp\/v2\/product\/268374","targetHints":{"allow":["GET"]}}],"collection":[{"href":"https:\/\/irankiuzona.lt\/ru\/wp-json\/wp\/v2\/product"}],"about":[{"href":"https:\/\/irankiuzona.lt\/ru\/wp-json\/wp\/v2\/types\/product"}],"replies":[{"embeddable":true,"href":"https:\/\/irankiuzona.lt\/ru\/wp-json\/wp\/v2\/comments?post=268374"}],"version-history":[{"count":1,"href":"https:\/\/irankiuzona.lt\/ru\/wp-json\/wp\/v2\/product\/268374\/revisions"}],"predecessor-version":[{"id":424610,"href":"https:\/\/irankiuzona.lt\/ru\/wp-json\/wp\/v2\/product\/268374\/revisions\/424610"}],"wp:featuredmedia":[{"embeddable":true,"href":"https:\/\/irankiuzona.lt\/ru\/wp-json\/wp\/v2\/media\/268376"}],"wp:attachment":[{"href":"https:\/\/irankiuzona.lt\/ru\/wp-json\/wp\/v2\/media?parent=268374"}],"wp:term":[{"taxonomy":"product_cat","embeddable":true,"href":"https:\/\/irankiuzona.lt\/ru\/wp-json\/wp\/v2\/product_cat?post=268374"},{"taxonomy":"product_tag","embeddable":true,"href":"https:\/\/irankiuzona.lt\/ru\/wp-json\/wp\/v2\/product_tag?post=268374"}],"curies":[{"name":"wp","href":"https:\/\/api.w.org\/{rel}","templated":true}]}}