{"id":268389,"date":"2024-09-29T14:04:47","date_gmt":"2024-09-29T14:04:47","guid":{"rendered":"https:\/\/irankiuzona.lt\/product\/spec-galvute-sugadintiems-varztams-1-2-21mm\/"},"modified":"2026-04-24T08:28:11","modified_gmt":"2026-04-24T08:28:11","slug":"spec-galvute-sugadintiems-varztams-1-2-21mm","status":"publish","type":"product","link":"https:\/\/irankiuzona.lt\/ru\/product\/spec-galvute-sugadintiems-varztams-1-2-21mm\/","title":{"rendered":"Spec. galvut\u0117 sugadintiems var\u017etams 1\/2 21mm"},"content":{"rendered":"<p>Sraigtin\u0117 galvut\u0117 1\/2 21mm sugadintam\/pa\u017eeistam var\u017etui ar ver\u017elei.Cr-Mo<\/p>","protected":false},"excerpt":{"rendered":"<p>Spec. galvut\u0117 sugadintiems var\u017etams 1\/2 21mm<\/p>","protected":false},"featured_media":268391,"comment_status":"open","ping_status":"open","template":"","meta":[],"product_cat":[9783],"product_tag":[10151],"class_list":{"0":"post-268389","1":"product","2":"type-product","3":"status-publish","4":"has-post-thumbnail","6":"product_brand-lenkija-tiekejas","7":"product_cat-galvutes-sugadintiems-varztams-verzlems-po-1vnt","8":"product_tag-lenkija-tiekejas","10":"first","11":"outofstock","12":"purchasable","13":"product-type-simple"},"jetpack_sharing_enabled":true,"_links":{"self":[{"href":"https:\/\/irankiuzona.lt\/ru\/wp-json\/wp\/v2\/product\/268389","targetHints":{"allow":["GET"]}}],"collection":[{"href":"https:\/\/irankiuzona.lt\/ru\/wp-json\/wp\/v2\/product"}],"about":[{"href":"https:\/\/irankiuzona.lt\/ru\/wp-json\/wp\/v2\/types\/product"}],"replies":[{"embeddable":true,"href":"https:\/\/irankiuzona.lt\/ru\/wp-json\/wp\/v2\/comments?post=268389"}],"version-history":[{"count":1,"href":"https:\/\/irankiuzona.lt\/ru\/wp-json\/wp\/v2\/product\/268389\/revisions"}],"predecessor-version":[{"id":424615,"href":"https:\/\/irankiuzona.lt\/ru\/wp-json\/wp\/v2\/product\/268389\/revisions\/424615"}],"wp:featuredmedia":[{"embeddable":true,"href":"https:\/\/irankiuzona.lt\/ru\/wp-json\/wp\/v2\/media\/268391"}],"wp:attachment":[{"href":"https:\/\/irankiuzona.lt\/ru\/wp-json\/wp\/v2\/media?parent=268389"}],"wp:term":[{"taxonomy":"product_cat","embeddable":true,"href":"https:\/\/irankiuzona.lt\/ru\/wp-json\/wp\/v2\/product_cat?post=268389"},{"taxonomy":"product_tag","embeddable":true,"href":"https:\/\/irankiuzona.lt\/ru\/wp-json\/wp\/v2\/product_tag?post=268389"}],"curies":[{"name":"wp","href":"https:\/\/api.w.org\/{rel}","templated":true}]}}