{"id":268392,"date":"2024-09-29T14:04:48","date_gmt":"2024-09-29T14:04:48","guid":{"rendered":"https:\/\/irankiuzona.lt\/product\/kilpiniu-raktu-komplektas-dideliu-dydziu-32-55mm\/"},"modified":"2026-04-22T07:09:11","modified_gmt":"2026-04-22T07:09:11","slug":"kilpiniu-raktu-komplektas-dideliu-dydziu-32-55mm","status":"publish","type":"product","link":"https:\/\/irankiuzona.lt\/ru\/product\/kilpiniu-raktu-komplektas-dideliu-dydziu-32-55mm\/","title":{"rendered":"Kilpini\u0173 rakt\u0173 komplektas, dideli\u0173 dyd\u017ei\u0173 32-55mm"},"content":{"rendered":"<p>Komplekte: 32&#215;36 &#8211; 36&#215;41 &#8211; 41&#215;46 &#8211; 46&#215;50 &#8211; 50&#215;55 mm<\/p>","protected":false},"excerpt":{"rendered":"<p>Abipus\u0117s kilpos raktai kombinuoti extra dyd\u017ei\u0173 32-55mm 5vnt.<\/p>","protected":false},"featured_media":268394,"comment_status":"open","ping_status":"open","template":"","meta":[],"product_cat":[9520],"product_tag":[10151],"class_list":{"0":"post-268392","1":"product","2":"type-product","3":"status-publish","4":"has-post-thumbnail","6":"product_brand-lenkija-tiekejas","7":"product_cat-kilpiniai-raktai-ju-komplektai","8":"product_tag-lenkija-tiekejas","10":"first","11":"instock","12":"purchasable","13":"product-type-simple"},"jetpack_sharing_enabled":true,"_links":{"self":[{"href":"https:\/\/irankiuzona.lt\/ru\/wp-json\/wp\/v2\/product\/268392","targetHints":{"allow":["GET"]}}],"collection":[{"href":"https:\/\/irankiuzona.lt\/ru\/wp-json\/wp\/v2\/product"}],"about":[{"href":"https:\/\/irankiuzona.lt\/ru\/wp-json\/wp\/v2\/types\/product"}],"replies":[{"embeddable":true,"href":"https:\/\/irankiuzona.lt\/ru\/wp-json\/wp\/v2\/comments?post=268392"}],"version-history":[{"count":1,"href":"https:\/\/irankiuzona.lt\/ru\/wp-json\/wp\/v2\/product\/268392\/revisions"}],"predecessor-version":[{"id":424616,"href":"https:\/\/irankiuzona.lt\/ru\/wp-json\/wp\/v2\/product\/268392\/revisions\/424616"}],"wp:featuredmedia":[{"embeddable":true,"href":"https:\/\/irankiuzona.lt\/ru\/wp-json\/wp\/v2\/media\/268394"}],"wp:attachment":[{"href":"https:\/\/irankiuzona.lt\/ru\/wp-json\/wp\/v2\/media?parent=268392"}],"wp:term":[{"taxonomy":"product_cat","embeddable":true,"href":"https:\/\/irankiuzona.lt\/ru\/wp-json\/wp\/v2\/product_cat?post=268392"},{"taxonomy":"product_tag","embeddable":true,"href":"https:\/\/irankiuzona.lt\/ru\/wp-json\/wp\/v2\/product_tag?post=268392"}],"curies":[{"name":"wp","href":"https:\/\/api.w.org\/{rel}","templated":true}]}}