{"id":268544,"date":"2024-09-29T14:04:55","date_gmt":"2024-09-29T14:04:55","guid":{"rendered":"https:\/\/irankiuzona.lt\/product\/silikono-gramdikliai-3vnt\/"},"modified":"2026-04-13T21:03:41","modified_gmt":"2026-04-13T21:03:41","slug":"silikono-gramdikliai-3vnt","status":"publish","type":"product","link":"https:\/\/irankiuzona.lt\/ru\/product\/silikono-gramdikliai-3vnt\/","title":{"rendered":"Silikono gramdikliai 3vnt."},"content":{"rendered":"<p>tinka pjauti silikon\u0105 kampin\u0117se si\u016bl\u0117sesukiet\u0117jus silikonui, galima lengvai perdaryti si\u016bles.<\/p>","protected":false},"excerpt":{"rendered":"<p>Silikono gramdikliai 3vnt.<\/p>","protected":false},"featured_media":268546,"comment_status":"open","ping_status":"open","template":"","meta":[],"product_cat":[9455],"product_tag":[10151],"class_list":{"0":"post-268544","1":"product","2":"type-product","3":"status-publish","4":"has-post-thumbnail","6":"product_brand-lenkija-tiekejas","7":"product_cat-irankiai-plytelems-stiklui-laminatui","8":"product_tag-lenkija-tiekejas","10":"first","11":"outofstock","12":"purchasable","13":"product-type-simple"},"jetpack_sharing_enabled":true,"_links":{"self":[{"href":"https:\/\/irankiuzona.lt\/ru\/wp-json\/wp\/v2\/product\/268544","targetHints":{"allow":["GET"]}}],"collection":[{"href":"https:\/\/irankiuzona.lt\/ru\/wp-json\/wp\/v2\/product"}],"about":[{"href":"https:\/\/irankiuzona.lt\/ru\/wp-json\/wp\/v2\/types\/product"}],"replies":[{"embeddable":true,"href":"https:\/\/irankiuzona.lt\/ru\/wp-json\/wp\/v2\/comments?post=268544"}],"version-history":[{"count":1,"href":"https:\/\/irankiuzona.lt\/ru\/wp-json\/wp\/v2\/product\/268544\/revisions"}],"predecessor-version":[{"id":424667,"href":"https:\/\/irankiuzona.lt\/ru\/wp-json\/wp\/v2\/product\/268544\/revisions\/424667"}],"wp:featuredmedia":[{"embeddable":true,"href":"https:\/\/irankiuzona.lt\/ru\/wp-json\/wp\/v2\/media\/268546"}],"wp:attachment":[{"href":"https:\/\/irankiuzona.lt\/ru\/wp-json\/wp\/v2\/media?parent=268544"}],"wp:term":[{"taxonomy":"product_cat","embeddable":true,"href":"https:\/\/irankiuzona.lt\/ru\/wp-json\/wp\/v2\/product_cat?post=268544"},{"taxonomy":"product_tag","embeddable":true,"href":"https:\/\/irankiuzona.lt\/ru\/wp-json\/wp\/v2\/product_tag?post=268544"}],"curies":[{"name":"wp","href":"https:\/\/api.w.org\/{rel}","templated":true}]}}