{"id":268550,"date":"2024-09-29T14:04:55","date_gmt":"2024-09-29T14:04:55","guid":{"rendered":"https:\/\/irankiuzona.lt\/product\/irankiu-vezimelis-2daliu-su-257-irankiais-priedais\/"},"modified":"2026-04-15T21:07:48","modified_gmt":"2026-04-15T21:07:48","slug":"irankiu-vezimelis-2daliu-su-257-irankiais-priedais","status":"publish","type":"product","link":"https:\/\/irankiuzona.lt\/ru\/product\/irankiu-vezimelis-2daliu-su-257-irankiais-priedais\/","title":{"rendered":"\u012eranki\u0173 ve\u017eim\u0117lis 2dali\u0173 su 257 \u012frankiais\/priedais"},"content":{"rendered":"<p>I\u0161matavimai: Auk\u0161tis: bendras 105cm \/ auk\u0161tis apatin\u0117s spintos 60cm (su ratukais 70cm) \/ auk\u0161tis vir\u0161utin\u0117s spintos 33cmGylis: apatin\u0117s spintos 28cm \/ vir\u0161utin\u0117s spintos 24cmPlotis: apatin\u0117s spintos 53cm \/ virsutin\u0117s spintos 45cmNeprofesionaliam naudojimui<\/p>","protected":false},"excerpt":{"rendered":"<p>\u012eranki\u0173 spintel\u0117 ant ratuk\u0173, su papildoma vir\u0161utine (nuimama) spintele su stal\u010diais + 257 universaliais \u012frankiais ir tvirtinimo detal\u0117mis.<\/p>","protected":false},"featured_media":268552,"comment_status":"open","ping_status":"open","template":"","meta":[],"product_cat":[9943],"product_tag":[10151],"class_list":{"0":"post-268550","1":"product","2":"type-product","3":"status-publish","4":"has-post-thumbnail","6":"product_brand-lenkija-tiekejas","7":"product_cat-vezimeliai-irankiu-spintos","8":"product_tag-lenkija-tiekejas","10":"first","11":"instock","12":"purchasable","13":"product-type-simple"},"jetpack_sharing_enabled":true,"_links":{"self":[{"href":"https:\/\/irankiuzona.lt\/ru\/wp-json\/wp\/v2\/product\/268550","targetHints":{"allow":["GET"]}}],"collection":[{"href":"https:\/\/irankiuzona.lt\/ru\/wp-json\/wp\/v2\/product"}],"about":[{"href":"https:\/\/irankiuzona.lt\/ru\/wp-json\/wp\/v2\/types\/product"}],"replies":[{"embeddable":true,"href":"https:\/\/irankiuzona.lt\/ru\/wp-json\/wp\/v2\/comments?post=268550"}],"version-history":[{"count":1,"href":"https:\/\/irankiuzona.lt\/ru\/wp-json\/wp\/v2\/product\/268550\/revisions"}],"predecessor-version":[{"id":424669,"href":"https:\/\/irankiuzona.lt\/ru\/wp-json\/wp\/v2\/product\/268550\/revisions\/424669"}],"wp:featuredmedia":[{"embeddable":true,"href":"https:\/\/irankiuzona.lt\/ru\/wp-json\/wp\/v2\/media\/268552"}],"wp:attachment":[{"href":"https:\/\/irankiuzona.lt\/ru\/wp-json\/wp\/v2\/media?parent=268550"}],"wp:term":[{"taxonomy":"product_cat","embeddable":true,"href":"https:\/\/irankiuzona.lt\/ru\/wp-json\/wp\/v2\/product_cat?post=268550"},{"taxonomy":"product_tag","embeddable":true,"href":"https:\/\/irankiuzona.lt\/ru\/wp-json\/wp\/v2\/product_tag?post=268550"}],"curies":[{"name":"wp","href":"https:\/\/api.w.org\/{rel}","templated":true}]}}