{"id":268693,"date":"2024-09-29T14:05:10","date_gmt":"2024-09-29T14:05:10","guid":{"rendered":"https:\/\/irankiuzona.lt\/product\/pneumo-irankiu-komplektas-5vnt\/"},"modified":"2026-04-15T20:13:27","modified_gmt":"2026-04-15T20:13:27","slug":"pneumo-irankiu-komplektas-5vnt","status":"publish","type":"product","link":"https:\/\/irankiuzona.lt\/ru\/product\/pneumo-irankiu-komplektas-5vnt\/","title":{"rendered":"Pneumo \u012franki\u0173 komplektas 5vnt"},"content":{"rendered":"<p>Komplekt\u0105 sudaro:Da\u017eymo pistoletas 1,5mm 600mlPriputimo pistoletas 0-12BarPraputimi pistoletas\u00a0Praplovimo pistoletas 900mlOro \u017earna 6\/8mm 5M<\/p>","protected":false},"excerpt":{"rendered":"<p>Pneumo \u012franki\u0173 komplektas 5vnt<\/p>","protected":false},"featured_media":268695,"comment_status":"open","ping_status":"open","template":"","meta":[],"product_cat":[10000],"product_tag":[10151],"class_list":{"0":"post-268693","1":"product","2":"type-product","3":"status-publish","4":"has-post-thumbnail","6":"product_brand-lenkija-tiekejas","7":"product_cat-pneumatiniai-irankiai","8":"product_tag-lenkija-tiekejas","10":"first","11":"instock","12":"purchasable","13":"product-type-simple"},"jetpack_sharing_enabled":true,"_links":{"self":[{"href":"https:\/\/irankiuzona.lt\/ru\/wp-json\/wp\/v2\/product\/268693","targetHints":{"allow":["GET"]}}],"collection":[{"href":"https:\/\/irankiuzona.lt\/ru\/wp-json\/wp\/v2\/product"}],"about":[{"href":"https:\/\/irankiuzona.lt\/ru\/wp-json\/wp\/v2\/types\/product"}],"replies":[{"embeddable":true,"href":"https:\/\/irankiuzona.lt\/ru\/wp-json\/wp\/v2\/comments?post=268693"}],"version-history":[{"count":1,"href":"https:\/\/irankiuzona.lt\/ru\/wp-json\/wp\/v2\/product\/268693\/revisions"}],"predecessor-version":[{"id":424722,"href":"https:\/\/irankiuzona.lt\/ru\/wp-json\/wp\/v2\/product\/268693\/revisions\/424722"}],"wp:featuredmedia":[{"embeddable":true,"href":"https:\/\/irankiuzona.lt\/ru\/wp-json\/wp\/v2\/media\/268695"}],"wp:attachment":[{"href":"https:\/\/irankiuzona.lt\/ru\/wp-json\/wp\/v2\/media?parent=268693"}],"wp:term":[{"taxonomy":"product_cat","embeddable":true,"href":"https:\/\/irankiuzona.lt\/ru\/wp-json\/wp\/v2\/product_cat?post=268693"},{"taxonomy":"product_tag","embeddable":true,"href":"https:\/\/irankiuzona.lt\/ru\/wp-json\/wp\/v2\/product_tag?post=268693"}],"curies":[{"name":"wp","href":"https:\/\/api.w.org\/{rel}","templated":true}]}}