{"id":268810,"date":"2024-09-29T14:05:18","date_gmt":"2024-09-29T14:05:18","guid":{"rendered":"https:\/\/irankiuzona.lt\/product\/adapteris-milwaukee-dewalt-akumuliatoriams-18v-i-mighty-seven\/"},"modified":"2026-05-15T02:00:37","modified_gmt":"2026-05-15T02:00:37","slug":"adapteris-milwaukee-dewalt-akumuliatoriams-18v-i-mighty-seven","status":"publish","type":"product","link":"https:\/\/irankiuzona.lt\/ru\/product\/adapteris-milwaukee-dewalt-akumuliatoriams-18v-i-mighty-seven\/","title":{"rendered":"ADAPTERIS MILWAUKEE\/DEWALT AKUMULIATORIAMS 18V \u012e MIGHTY-SEVEN"},"content":{"rendered":"<p>ADAPTERIS MILWAUKEE\/DEWALT AKUMULIATORIAMS 18V \u012e MIGHTY-SEVEN<\/p>\n<p>Pateikiama nuotrauka tik iliustracinio pob\u016bd\u017eio (analogi\u0161kos prek\u0117s)<\/p>","protected":false},"excerpt":{"rendered":"<p>ADAPTERIS MILWAUKEE\/DEWALT AKUMULIATORIAMS 18V \u012e MIGHTY-SEVEN<\/p>","protected":false},"featured_media":268812,"comment_status":"open","ping_status":"open","template":"","meta":[],"product_cat":[10092],"product_tag":[9875],"class_list":{"0":"post-268810","1":"product","2":"type-product","3":"status-publish","4":"has-post-thumbnail","6":"product_brand-mighty-seven-m7","7":"product_cat-akumuliatoriniai-irankiai-su-keiciama-li-ion-baterija","8":"product_tag-mighty-seven-m7","10":"first","11":"instock","12":"purchasable","13":"product-type-simple"},"jetpack_sharing_enabled":true,"_links":{"self":[{"href":"https:\/\/irankiuzona.lt\/ru\/wp-json\/wp\/v2\/product\/268810","targetHints":{"allow":["GET"]}}],"collection":[{"href":"https:\/\/irankiuzona.lt\/ru\/wp-json\/wp\/v2\/product"}],"about":[{"href":"https:\/\/irankiuzona.lt\/ru\/wp-json\/wp\/v2\/types\/product"}],"replies":[{"embeddable":true,"href":"https:\/\/irankiuzona.lt\/ru\/wp-json\/wp\/v2\/comments?post=268810"}],"version-history":[{"count":1,"href":"https:\/\/irankiuzona.lt\/ru\/wp-json\/wp\/v2\/product\/268810\/revisions"}],"predecessor-version":[{"id":424761,"href":"https:\/\/irankiuzona.lt\/ru\/wp-json\/wp\/v2\/product\/268810\/revisions\/424761"}],"wp:featuredmedia":[{"embeddable":true,"href":"https:\/\/irankiuzona.lt\/ru\/wp-json\/wp\/v2\/media\/268812"}],"wp:attachment":[{"href":"https:\/\/irankiuzona.lt\/ru\/wp-json\/wp\/v2\/media?parent=268810"}],"wp:term":[{"taxonomy":"product_cat","embeddable":true,"href":"https:\/\/irankiuzona.lt\/ru\/wp-json\/wp\/v2\/product_cat?post=268810"},{"taxonomy":"product_tag","embeddable":true,"href":"https:\/\/irankiuzona.lt\/ru\/wp-json\/wp\/v2\/product_tag?post=268810"}],"curies":[{"name":"wp","href":"https:\/\/api.w.org\/{rel}","templated":true}]}}