{"id":268846,"date":"2024-09-29T14:05:21","date_gmt":"2024-09-29T14:05:21","guid":{"rendered":"https:\/\/irankiuzona.lt\/product\/raktas-plokscias-kilpinis-10mm\/"},"modified":"2024-12-04T00:16:10","modified_gmt":"2024-12-04T00:16:10","slug":"raktas-plokscias-kilpinis-10mm","status":"publish","type":"product","link":"https:\/\/irankiuzona.lt\/ru\/product\/raktas-plokscias-kilpinis-10mm\/","title":{"rendered":"Raktas plok\u0161\u010dias &#8211; kilpinis 10mm"},"content":{"rendered":"","protected":false},"excerpt":{"rendered":"<p>Raktas plok\u0161\u010dias &#8211; kilpinis 10mm<\/p>","protected":false},"featured_media":268848,"comment_status":"open","ping_status":"open","template":"","meta":[],"product_cat":[9520],"product_tag":[10151],"class_list":{"0":"post-268846","1":"product","2":"type-product","3":"status-publish","4":"has-post-thumbnail","6":"product_brand-lenkija-tiekejas","7":"product_cat-kilpiniai-raktai-ju-komplektai","8":"product_tag-lenkija-tiekejas","10":"first","11":"instock","12":"purchasable","13":"product-type-simple"},"jetpack_sharing_enabled":true,"_links":{"self":[{"href":"https:\/\/irankiuzona.lt\/ru\/wp-json\/wp\/v2\/product\/268846","targetHints":{"allow":["GET"]}}],"collection":[{"href":"https:\/\/irankiuzona.lt\/ru\/wp-json\/wp\/v2\/product"}],"about":[{"href":"https:\/\/irankiuzona.lt\/ru\/wp-json\/wp\/v2\/types\/product"}],"replies":[{"embeddable":true,"href":"https:\/\/irankiuzona.lt\/ru\/wp-json\/wp\/v2\/comments?post=268846"}],"version-history":[{"count":0,"href":"https:\/\/irankiuzona.lt\/ru\/wp-json\/wp\/v2\/product\/268846\/revisions"}],"wp:featuredmedia":[{"embeddable":true,"href":"https:\/\/irankiuzona.lt\/ru\/wp-json\/wp\/v2\/media\/268848"}],"wp:attachment":[{"href":"https:\/\/irankiuzona.lt\/ru\/wp-json\/wp\/v2\/media?parent=268846"}],"wp:term":[{"taxonomy":"product_cat","embeddable":true,"href":"https:\/\/irankiuzona.lt\/ru\/wp-json\/wp\/v2\/product_cat?post=268846"},{"taxonomy":"product_tag","embeddable":true,"href":"https:\/\/irankiuzona.lt\/ru\/wp-json\/wp\/v2\/product_tag?post=268846"}],"curies":[{"name":"wp","href":"https:\/\/api.w.org\/{rel}","templated":true}]}}