{"id":268852,"date":"2024-09-29T14:05:22","date_gmt":"2024-09-29T14:05:22","guid":{"rendered":"https:\/\/irankiuzona.lt\/product\/atsuktuvu-komplektas-elektrikui-1000v-vde-su-deklu-vezimeliui-10vnt\/"},"modified":"2026-05-09T11:13:47","modified_gmt":"2026-05-09T11:13:47","slug":"atsuktuvu-komplektas-elektrikui-1000v-vde-su-deklu-vezimeliui-10vnt","status":"publish","type":"product","link":"https:\/\/irankiuzona.lt\/ru\/product\/atsuktuvu-komplektas-elektrikui-1000v-vde-su-deklu-vezimeliui-10vnt\/","title":{"rendered":"Atsuktuv\u0173 komplektas elektrikui 1000V VDE \/ su d\u0117klu ve\u017eim\u0117liui 10vnt."},"content":{"rendered":"<p>2,5&#215;75 mm, 3,0&#215;100 mm, 3,5&#215;100 mm, 4,0&#215;100 mmPH1x80 mm, PH2x100 mmT15x100 mm, T20x100 mm, T25x125 mm, T30x150 mmDarbui su \u012ftampa iki 1.000VDIN ISO EN 60900<\/p>","protected":false},"excerpt":{"rendered":"<p>Atsuktuv\u0173 komplektas elektrikui 1000V VDE \/ su d\u0117klu ve\u017eim\u0117liui 10vnt.<\/p>","protected":false},"featured_media":268854,"comment_status":"open","ping_status":"open","template":"","meta":[],"product_cat":[9870],"product_tag":[9462],"class_list":{"0":"post-268852","1":"product","2":"type-product","3":"status-publish","4":"has-post-thumbnail","6":"product_brand-condor-werkzeug-vokietija","7":"product_cat-deklai-i-vezimus-su-irankiais-ir-tusti","8":"product_tag-condor-werkzeug-vokietija","10":"first","11":"instock","12":"purchasable","13":"product-type-simple"},"jetpack_sharing_enabled":true,"_links":{"self":[{"href":"https:\/\/irankiuzona.lt\/ru\/wp-json\/wp\/v2\/product\/268852","targetHints":{"allow":["GET"]}}],"collection":[{"href":"https:\/\/irankiuzona.lt\/ru\/wp-json\/wp\/v2\/product"}],"about":[{"href":"https:\/\/irankiuzona.lt\/ru\/wp-json\/wp\/v2\/types\/product"}],"replies":[{"embeddable":true,"href":"https:\/\/irankiuzona.lt\/ru\/wp-json\/wp\/v2\/comments?post=268852"}],"version-history":[{"count":1,"href":"https:\/\/irankiuzona.lt\/ru\/wp-json\/wp\/v2\/product\/268852\/revisions"}],"predecessor-version":[{"id":424777,"href":"https:\/\/irankiuzona.lt\/ru\/wp-json\/wp\/v2\/product\/268852\/revisions\/424777"}],"wp:featuredmedia":[{"embeddable":true,"href":"https:\/\/irankiuzona.lt\/ru\/wp-json\/wp\/v2\/media\/268854"}],"wp:attachment":[{"href":"https:\/\/irankiuzona.lt\/ru\/wp-json\/wp\/v2\/media?parent=268852"}],"wp:term":[{"taxonomy":"product_cat","embeddable":true,"href":"https:\/\/irankiuzona.lt\/ru\/wp-json\/wp\/v2\/product_cat?post=268852"},{"taxonomy":"product_tag","embeddable":true,"href":"https:\/\/irankiuzona.lt\/ru\/wp-json\/wp\/v2\/product_tag?post=268852"}],"curies":[{"name":"wp","href":"https:\/\/api.w.org\/{rel}","templated":true}]}}