{"id":268855,"date":"2024-09-29T14:05:22","date_gmt":"2024-09-29T14:05:22","guid":{"rendered":"https:\/\/irankiuzona.lt\/product\/dumu-generatorius-condor-fog-system\/"},"modified":"2026-05-06T21:57:42","modified_gmt":"2026-05-06T21:57:42","slug":"dumu-generatorius-condor-fog-system","status":"publish","type":"product","link":"https:\/\/irankiuzona.lt\/ru\/product\/dumu-generatorius-condor-fog-system\/","title":{"rendered":"D\u016bm\u0173 generatorius Condor Fog-System"},"content":{"rendered":"<p>Profesionali \u012franga, kuri leid\u017eia nustatyti \u012fvairius automobili\u0173 gedimus, j\u0173 sistem\u0173 nesandarumus. \u012erenginys leis jums tiksliai ir greit nustatyti problemos viet\u0105, tokiuose sistemose, kaip: \u012fsiurbimo, i\u0161metimo, degal\u0173 ir j\u0173 gar\u0173 recirkuliacijos sistemose, au\u0161inimo, turbin\u0173 sistem\u0173, variklio sandarum\u0105 ir t.t..<br \/>\nTechniniai duomenys:\u2022 \u012e\u0117jimo \u012ftampa: DC 12V,\u2022 Galia: maks. 65 W,\u2022 D\u016bm\u0173 srautas: < 6 l\/min.,\u2022 Darbinis sl\u0117gis: < 1 bar,\u2022 Svoris: 3,4 kg,\u2022 Matmenys: 250 x 160 x 165 mm\n<\/p>","protected":false},"excerpt":{"rendered":"<p>D\u016bm\u0173 generatorius Condor Fog-System<\/p>","protected":false},"featured_media":268857,"comment_status":"open","ping_status":"open","template":"","meta":[],"product_cat":[9563],"product_tag":[9462],"class_list":{"0":"post-268855","1":"product","2":"type-product","3":"status-publish","4":"has-post-thumbnail","6":"product_brand-condor-werkzeug-vokietija","7":"product_cat-irankiai-ausinimo-sistemai","8":"product_tag-condor-werkzeug-vokietija","10":"first","11":"instock","12":"purchasable","13":"product-type-simple"},"jetpack_sharing_enabled":true,"_links":{"self":[{"href":"https:\/\/irankiuzona.lt\/ru\/wp-json\/wp\/v2\/product\/268855","targetHints":{"allow":["GET"]}}],"collection":[{"href":"https:\/\/irankiuzona.lt\/ru\/wp-json\/wp\/v2\/product"}],"about":[{"href":"https:\/\/irankiuzona.lt\/ru\/wp-json\/wp\/v2\/types\/product"}],"replies":[{"embeddable":true,"href":"https:\/\/irankiuzona.lt\/ru\/wp-json\/wp\/v2\/comments?post=268855"}],"version-history":[{"count":1,"href":"https:\/\/irankiuzona.lt\/ru\/wp-json\/wp\/v2\/product\/268855\/revisions"}],"predecessor-version":[{"id":424778,"href":"https:\/\/irankiuzona.lt\/ru\/wp-json\/wp\/v2\/product\/268855\/revisions\/424778"}],"wp:featuredmedia":[{"embeddable":true,"href":"https:\/\/irankiuzona.lt\/ru\/wp-json\/wp\/v2\/media\/268857"}],"wp:attachment":[{"href":"https:\/\/irankiuzona.lt\/ru\/wp-json\/wp\/v2\/media?parent=268855"}],"wp:term":[{"taxonomy":"product_cat","embeddable":true,"href":"https:\/\/irankiuzona.lt\/ru\/wp-json\/wp\/v2\/product_cat?post=268855"},{"taxonomy":"product_tag","embeddable":true,"href":"https:\/\/irankiuzona.lt\/ru\/wp-json\/wp\/v2\/product_tag?post=268855"}],"curies":[{"name":"wp","href":"https:\/\/api.w.org\/{rel}","templated":true}]}}