{"id":268935,"date":"2024-09-29T14:05:28","date_gmt":"2024-09-29T14:05:28","guid":{"rendered":"https:\/\/irankiuzona.lt\/product\/reples-fiksavimo-ziedams-4-vnt\/"},"modified":"2026-04-13T08:49:34","modified_gmt":"2026-04-13T08:49:34","slug":"reples-fiksavimo-ziedams-4-vnt","status":"publish","type":"product","link":"https:\/\/irankiuzona.lt\/ru\/product\/reples-fiksavimo-ziedams-4-vnt\/","title":{"rendered":"Repl\u0117s fiksavimo \u017eiedams 4 vnt."},"content":{"rendered":"<p>vidiniams ir i\u0161oriniams \u017eiedams4 kei\u010diami antgaliai: 2x ties\u016bs, 1x 45\u00b0 poslinkis, 1x 90\u00b0 poslinkis<\/p>","protected":false},"excerpt":{"rendered":"<p>Repl\u0117s fiksavimo \u017eiedams 4 vnt.<\/p>","protected":false},"featured_media":268937,"comment_status":"open","ping_status":"open","template":"","meta":[],"product_cat":[9897],"product_tag":[9462],"class_list":{"0":"post-268935","1":"product","2":"type-product","3":"status-publish","4":"has-post-thumbnail","6":"product_brand-condor-werkzeug-vokietija","7":"product_cat-reples-fiksavimo-ziedams","8":"product_tag-condor-werkzeug-vokietija","10":"first","11":"outofstock","12":"purchasable","13":"product-type-simple"},"jetpack_sharing_enabled":true,"_links":{"self":[{"href":"https:\/\/irankiuzona.lt\/ru\/wp-json\/wp\/v2\/product\/268935","targetHints":{"allow":["GET"]}}],"collection":[{"href":"https:\/\/irankiuzona.lt\/ru\/wp-json\/wp\/v2\/product"}],"about":[{"href":"https:\/\/irankiuzona.lt\/ru\/wp-json\/wp\/v2\/types\/product"}],"replies":[{"embeddable":true,"href":"https:\/\/irankiuzona.lt\/ru\/wp-json\/wp\/v2\/comments?post=268935"}],"version-history":[{"count":1,"href":"https:\/\/irankiuzona.lt\/ru\/wp-json\/wp\/v2\/product\/268935\/revisions"}],"predecessor-version":[{"id":424806,"href":"https:\/\/irankiuzona.lt\/ru\/wp-json\/wp\/v2\/product\/268935\/revisions\/424806"}],"wp:featuredmedia":[{"embeddable":true,"href":"https:\/\/irankiuzona.lt\/ru\/wp-json\/wp\/v2\/media\/268937"}],"wp:attachment":[{"href":"https:\/\/irankiuzona.lt\/ru\/wp-json\/wp\/v2\/media?parent=268935"}],"wp:term":[{"taxonomy":"product_cat","embeddable":true,"href":"https:\/\/irankiuzona.lt\/ru\/wp-json\/wp\/v2\/product_cat?post=268935"},{"taxonomy":"product_tag","embeddable":true,"href":"https:\/\/irankiuzona.lt\/ru\/wp-json\/wp\/v2\/product_tag?post=268935"}],"curies":[{"name":"wp","href":"https:\/\/api.w.org\/{rel}","templated":true}]}}