{"id":269048,"date":"2024-09-29T14:05:36","date_gmt":"2024-09-29T14:05:36","guid":{"rendered":"https:\/\/irankiuzona.lt\/product\/reples-zarnoms-uzspausti-200-250-300mm-3vnt-2\/"},"modified":"2026-04-15T09:56:49","modified_gmt":"2026-04-15T09:56:49","slug":"reples-zarnoms-uzspausti-200-250-300mm-3vnt-2","status":"publish","type":"product","link":"https:\/\/irankiuzona.lt\/ru\/product\/reples-zarnoms-uzspausti-200-250-300mm-3vnt-2\/","title":{"rendered":"Repl\u0117s \u017earnoms u\u017espausti 200\/250\/300mm 3vnt."},"content":{"rendered":"<p>200mm<br \/>\n250mm<br \/>\n300mm<\/p>","protected":false},"excerpt":{"rendered":"<p>Repl\u0117s \u017earnoms u\u017espausti 200\/250\/300mm 3vnt.<\/p>","protected":false},"featured_media":269050,"comment_status":"open","ping_status":"open","template":"","meta":[],"product_cat":[9468],"product_tag":[10130],"class_list":{"0":"post-269048","1":"product","2":"type-product","3":"status-publish","4":"has-post-thumbnail","6":"product_brand-satra-lenkija","7":"product_cat-zarnu-uzspaudimo-irankiai","8":"product_tag-satra-lenkija","10":"first","11":"outofstock","12":"purchasable","13":"product-type-simple"},"jetpack_sharing_enabled":true,"_links":{"self":[{"href":"https:\/\/irankiuzona.lt\/ru\/wp-json\/wp\/v2\/product\/269048","targetHints":{"allow":["GET"]}}],"collection":[{"href":"https:\/\/irankiuzona.lt\/ru\/wp-json\/wp\/v2\/product"}],"about":[{"href":"https:\/\/irankiuzona.lt\/ru\/wp-json\/wp\/v2\/types\/product"}],"replies":[{"embeddable":true,"href":"https:\/\/irankiuzona.lt\/ru\/wp-json\/wp\/v2\/comments?post=269048"}],"version-history":[{"count":1,"href":"https:\/\/irankiuzona.lt\/ru\/wp-json\/wp\/v2\/product\/269048\/revisions"}],"predecessor-version":[{"id":424845,"href":"https:\/\/irankiuzona.lt\/ru\/wp-json\/wp\/v2\/product\/269048\/revisions\/424845"}],"wp:featuredmedia":[{"embeddable":true,"href":"https:\/\/irankiuzona.lt\/ru\/wp-json\/wp\/v2\/media\/269050"}],"wp:attachment":[{"href":"https:\/\/irankiuzona.lt\/ru\/wp-json\/wp\/v2\/media?parent=269048"}],"wp:term":[{"taxonomy":"product_cat","embeddable":true,"href":"https:\/\/irankiuzona.lt\/ru\/wp-json\/wp\/v2\/product_cat?post=269048"},{"taxonomy":"product_tag","embeddable":true,"href":"https:\/\/irankiuzona.lt\/ru\/wp-json\/wp\/v2\/product_tag?post=269048"}],"curies":[{"name":"wp","href":"https:\/\/api.w.org\/{rel}","templated":true}]}}