{"id":269054,"date":"2024-09-29T14:05:36","date_gmt":"2024-09-29T14:05:36","guid":{"rendered":"https:\/\/irankiuzona.lt\/product\/galvuciu-komplektas-3-8-12-kampu-8-19mm\/"},"modified":"2026-01-28T23:40:49","modified_gmt":"2026-01-28T23:40:49","slug":"galvuciu-komplektas-3-8-12-kampu-8-19mm","status":"publish","type":"product","link":"https:\/\/irankiuzona.lt\/ru\/product\/galvuciu-komplektas-3-8-12-kampu-8-19mm\/","title":{"rendered":"Galvu\u010di\u0173 komplektas 3\/8 12-kamp\u0173 (8-19mm)"},"content":{"rendered":"<p>CrVKomplekte: 8, 10, 11, 12, 13, 14, 15, 16, 17, 19 mm<\/p>","protected":false},"excerpt":{"rendered":"<p>Dvylikakampi\u0173 galvu\u010di\u0173 komplektas 3\/8 terk\u0161lei, 8-19mm. Cr-V<\/p>","protected":false},"featured_media":269056,"comment_status":"open","ping_status":"open","template":"","meta":[],"product_cat":[9497],"product_tag":[10131],"class_list":{"0":"post-269054","1":"product","2":"type-product","3":"status-publish","4":"has-post-thumbnail","6":"product_brand-asta-lenkija","7":"product_cat-3-8-10-mm-galvuciu-komplektai","8":"product_tag-asta-lenkija","10":"first","11":"outofstock","12":"purchasable","13":"product-type-simple"},"jetpack_sharing_enabled":true,"_links":{"self":[{"href":"https:\/\/irankiuzona.lt\/ru\/wp-json\/wp\/v2\/product\/269054","targetHints":{"allow":["GET"]}}],"collection":[{"href":"https:\/\/irankiuzona.lt\/ru\/wp-json\/wp\/v2\/product"}],"about":[{"href":"https:\/\/irankiuzona.lt\/ru\/wp-json\/wp\/v2\/types\/product"}],"replies":[{"embeddable":true,"href":"https:\/\/irankiuzona.lt\/ru\/wp-json\/wp\/v2\/comments?post=269054"}],"version-history":[{"count":1,"href":"https:\/\/irankiuzona.lt\/ru\/wp-json\/wp\/v2\/product\/269054\/revisions"}],"predecessor-version":[{"id":424847,"href":"https:\/\/irankiuzona.lt\/ru\/wp-json\/wp\/v2\/product\/269054\/revisions\/424847"}],"wp:featuredmedia":[{"embeddable":true,"href":"https:\/\/irankiuzona.lt\/ru\/wp-json\/wp\/v2\/media\/269056"}],"wp:attachment":[{"href":"https:\/\/irankiuzona.lt\/ru\/wp-json\/wp\/v2\/media?parent=269054"}],"wp:term":[{"taxonomy":"product_cat","embeddable":true,"href":"https:\/\/irankiuzona.lt\/ru\/wp-json\/wp\/v2\/product_cat?post=269054"},{"taxonomy":"product_tag","embeddable":true,"href":"https:\/\/irankiuzona.lt\/ru\/wp-json\/wp\/v2\/product_tag?post=269054"}],"curies":[{"name":"wp","href":"https:\/\/api.w.org\/{rel}","templated":true}]}}