{"id":269105,"date":"2024-09-29T14:05:40","date_gmt":"2024-09-29T14:05:40","guid":{"rendered":"https:\/\/irankiuzona.lt\/product\/smagracio-fiksavimo-irankis-mercedes-benz-m651\/"},"modified":"2026-05-16T16:20:29","modified_gmt":"2026-05-16T16:20:29","slug":"smagracio-fiksavimo-irankis-mercedes-benz-m651","status":"publish","type":"product","link":"https:\/\/irankiuzona.lt\/ru\/product\/smagracio-fiksavimo-irankis-mercedes-benz-m651\/","title":{"rendered":"Smagra\u010dio fiksavimo \u012frankis MERCEDES-Benz M651"},"content":{"rendered":"<p>Smagra\u010dio fiksavimo ir laikymo \u012frankis Mercedes-Benz M651. Tinka populiariems 1,8 ir 2,1 l dyzeliniams varikliams. \u0160is \u012frankis efektyviai u\u017efiksuoja smagrat\u012f \/ pavaros plok\u0161t\u0119 ir neleid\u017eia jai pasisukti atjungiant arba priver\u017eiant alk\u016bninio veleno priekinio skriemulio tvirtinimo detales.<br \/>\nTaikymas: A klas\u0117, B klas\u0117, C klas\u0117, CLA klas\u0117, E klas\u0117, GLA klas\u0117, GLK klas\u0117, V klas\u0117 (nuo 2008 m.). Taip pat apima lengvas reklamas, tokias kaip \u201eSprinter\u201c, \u201eViano\u201c ir \u201eVito\u201c. Atitinka OEM 651589024000. Var\u017etai vietoje starterio variklio smagra\u010diui u\u017efiksuoti.\u00a0<\/p>","protected":false},"excerpt":{"rendered":"<p>Smagra\u010dio blokavimo \u012frankis MERCEDES-Benz M651 populiariems 1,8 ir 2,1 l dyzeliniams varikliams<\/p>","protected":false},"featured_media":269107,"comment_status":"open","ping_status":"open","template":"","meta":[],"product_cat":[9863],"product_tag":[9435],"class_list":{"0":"post-269105","1":"product","2":"type-product","3":"status-publish","4":"has-post-thumbnail","6":"product_brand-kinija","7":"product_cat-mercedes-benz-blokatoriai","8":"product_tag-kinija","10":"first","11":"instock","12":"purchasable","13":"product-type-simple"},"jetpack_sharing_enabled":true,"_links":{"self":[{"href":"https:\/\/irankiuzona.lt\/ru\/wp-json\/wp\/v2\/product\/269105","targetHints":{"allow":["GET"]}}],"collection":[{"href":"https:\/\/irankiuzona.lt\/ru\/wp-json\/wp\/v2\/product"}],"about":[{"href":"https:\/\/irankiuzona.lt\/ru\/wp-json\/wp\/v2\/types\/product"}],"replies":[{"embeddable":true,"href":"https:\/\/irankiuzona.lt\/ru\/wp-json\/wp\/v2\/comments?post=269105"}],"version-history":[{"count":1,"href":"https:\/\/irankiuzona.lt\/ru\/wp-json\/wp\/v2\/product\/269105\/revisions"}],"predecessor-version":[{"id":424865,"href":"https:\/\/irankiuzona.lt\/ru\/wp-json\/wp\/v2\/product\/269105\/revisions\/424865"}],"wp:featuredmedia":[{"embeddable":true,"href":"https:\/\/irankiuzona.lt\/ru\/wp-json\/wp\/v2\/media\/269107"}],"wp:attachment":[{"href":"https:\/\/irankiuzona.lt\/ru\/wp-json\/wp\/v2\/media?parent=269105"}],"wp:term":[{"taxonomy":"product_cat","embeddable":true,"href":"https:\/\/irankiuzona.lt\/ru\/wp-json\/wp\/v2\/product_cat?post=269105"},{"taxonomy":"product_tag","embeddable":true,"href":"https:\/\/irankiuzona.lt\/ru\/wp-json\/wp\/v2\/product_tag?post=269105"}],"curies":[{"name":"wp","href":"https:\/\/api.w.org\/{rel}","templated":true}]}}