{"id":269117,"date":"2024-09-29T14:05:41","date_gmt":"2024-09-29T14:05:41","guid":{"rendered":"https:\/\/irankiuzona.lt\/product\/domkratas-hidraulinis-sustiprintas-pazemintas-3t-75-505mm\/"},"modified":"2026-05-16T21:36:32","modified_gmt":"2026-05-16T21:36:32","slug":"domkratas-hidraulinis-sustiprintas-pazemintas-3t-75-505mm","status":"publish","type":"product","link":"https:\/\/irankiuzona.lt\/ru\/product\/domkratas-hidraulinis-sustiprintas-pazemintas-3t-75-505mm\/","title":{"rendered":"Domkratas hidraulinis sustiprintas \/ pa\u017eemintas 3T 75-505mm"},"content":{"rendered":"<p>Privalumai:<br \/>\nDomkratas skirtas profesionaliam naudojimui.D\u0117ka sumontuoto dvigubo hidraulinio siurblio k\u0117limas vyksta itin greitai bei skland\u017eiai.Patogus ried\u0117jimas po pagrindu naudojant ratus;Nuimama rankena, kad b\u016bt\u0173 galima skland\u017eiai kelti su minimaliomis pastangomisDomkratas yra optimalus automobili\u0173 servisams ir padang\u0173 centrams.Domkrato elementai pagaminti i\u0161 itin tvirto ir patvaraus metalo.<br \/>\nSpecifikacijos:<br \/>\nMaks., apkrova 3TMin. k\u0117limo auk\u0161tis 75mmMaks. k\u0117limo auk\u0161tis 505mmYpa\u010d \u017eemo profilio dizainasGreitas pak\u0117limasPasukami galiniai rataiSvoris 34 kg<\/p>","protected":false},"excerpt":{"rendered":"<p>Domkratas hidraulinis pa\u017eemintas 3T 75-505mm<\/p>","protected":false},"featured_media":293421,"comment_status":"open","ping_status":"closed","template":"","meta":[],"product_cat":[9959],"product_tag":[10148],"class_list":{"0":"post-269117","1":"product","2":"type-product","3":"status-publish","4":"has-post-thumbnail","6":"product_brand-scheppach","7":"product_cat-domkratai-hidrauliniai","8":"product_tag-scheppach","10":"first","11":"outofstock","12":"purchasable","13":"product-type-simple"},"jetpack_sharing_enabled":true,"_links":{"self":[{"href":"https:\/\/irankiuzona.lt\/ru\/wp-json\/wp\/v2\/product\/269117","targetHints":{"allow":["GET"]}}],"collection":[{"href":"https:\/\/irankiuzona.lt\/ru\/wp-json\/wp\/v2\/product"}],"about":[{"href":"https:\/\/irankiuzona.lt\/ru\/wp-json\/wp\/v2\/types\/product"}],"replies":[{"embeddable":true,"href":"https:\/\/irankiuzona.lt\/ru\/wp-json\/wp\/v2\/comments?post=269117"}],"version-history":[{"count":1,"href":"https:\/\/irankiuzona.lt\/ru\/wp-json\/wp\/v2\/product\/269117\/revisions"}],"predecessor-version":[{"id":424869,"href":"https:\/\/irankiuzona.lt\/ru\/wp-json\/wp\/v2\/product\/269117\/revisions\/424869"}],"wp:featuredmedia":[{"embeddable":true,"href":"https:\/\/irankiuzona.lt\/ru\/wp-json\/wp\/v2\/media\/293421"}],"wp:attachment":[{"href":"https:\/\/irankiuzona.lt\/ru\/wp-json\/wp\/v2\/media?parent=269117"}],"wp:term":[{"taxonomy":"product_cat","embeddable":true,"href":"https:\/\/irankiuzona.lt\/ru\/wp-json\/wp\/v2\/product_cat?post=269117"},{"taxonomy":"product_tag","embeddable":true,"href":"https:\/\/irankiuzona.lt\/ru\/wp-json\/wp\/v2\/product_tag?post=269117"}],"curies":[{"name":"wp","href":"https:\/\/api.w.org\/{rel}","templated":true}]}}