{"id":269234,"date":"2024-09-29T14:05:49","date_gmt":"2024-09-29T14:05:49","guid":{"rendered":"https:\/\/irankiuzona.lt\/product\/smuginiu-adapteriu-komplektas-cr-mo-4daliu\/"},"modified":"2026-04-14T14:49:05","modified_gmt":"2026-04-14T14:49:05","slug":"smuginiu-adapteriu-komplektas-cr-mo-4daliu","status":"publish","type":"product","link":"https:\/\/irankiuzona.lt\/ru\/product\/smuginiu-adapteriu-komplektas-cr-mo-4daliu\/","title":{"rendered":"Sm\u016bgini\u0173 adapteri\u0173 komplektas Cr-Mo 4dali\u0173"},"content":{"rendered":"<p>Komplekte:1\/2 x 3\/83\/8 x 1\/2 1\/2 x 3\/4 3\/4 x 1\/2<\/p>","protected":false},"excerpt":{"rendered":"<p>Sm\u016bgini\u0173 CrMo adapteri\u0173-per\u0117jim\u0173 komplektas 4dali\u0173, plastikin\u0117je d\u0117\u017eut\u0117je. 3\/8 x 1\/2 x 3\/4<\/p>","protected":false},"featured_media":269236,"comment_status":"open","ping_status":"open","template":"","meta":[],"product_cat":[9514],"product_tag":[10151],"class_list":{"0":"post-269234","1":"product","2":"type-product","3":"status-publish","4":"has-post-thumbnail","6":"product_brand-lenkija-tiekejas","7":"product_cat-smuginiai-cr-mo-perejimai","8":"product_tag-lenkija-tiekejas","10":"first","11":"outofstock","12":"purchasable","13":"product-type-simple"},"jetpack_sharing_enabled":true,"_links":{"self":[{"href":"https:\/\/irankiuzona.lt\/ru\/wp-json\/wp\/v2\/product\/269234","targetHints":{"allow":["GET"]}}],"collection":[{"href":"https:\/\/irankiuzona.lt\/ru\/wp-json\/wp\/v2\/product"}],"about":[{"href":"https:\/\/irankiuzona.lt\/ru\/wp-json\/wp\/v2\/types\/product"}],"replies":[{"embeddable":true,"href":"https:\/\/irankiuzona.lt\/ru\/wp-json\/wp\/v2\/comments?post=269234"}],"version-history":[{"count":1,"href":"https:\/\/irankiuzona.lt\/ru\/wp-json\/wp\/v2\/product\/269234\/revisions"}],"predecessor-version":[{"id":424911,"href":"https:\/\/irankiuzona.lt\/ru\/wp-json\/wp\/v2\/product\/269234\/revisions\/424911"}],"wp:featuredmedia":[{"embeddable":true,"href":"https:\/\/irankiuzona.lt\/ru\/wp-json\/wp\/v2\/media\/269236"}],"wp:attachment":[{"href":"https:\/\/irankiuzona.lt\/ru\/wp-json\/wp\/v2\/media?parent=269234"}],"wp:term":[{"taxonomy":"product_cat","embeddable":true,"href":"https:\/\/irankiuzona.lt\/ru\/wp-json\/wp\/v2\/product_cat?post=269234"},{"taxonomy":"product_tag","embeddable":true,"href":"https:\/\/irankiuzona.lt\/ru\/wp-json\/wp\/v2\/product_tag?post=269234"}],"curies":[{"name":"wp","href":"https:\/\/api.w.org\/{rel}","templated":true}]}}