{"id":269303,"date":"2024-09-29T14:05:54","date_gmt":"2024-09-29T14:05:54","guid":{"rendered":"https:\/\/irankiuzona.lt\/product\/spaustuvai-pasukami-150mm-14-38kg\/"},"modified":"2026-05-15T07:38:09","modified_gmt":"2026-05-15T07:38:09","slug":"spaustuvai-pasukami-150mm-14-38kg","status":"publish","type":"product","link":"https:\/\/irankiuzona.lt\/ru\/product\/spaustuvai-pasukami-150mm-14-38kg\/","title":{"rendered":"Spaustuvai pasukami 150mm 14.38kg."},"content":{"rendered":"<p>\u0160altkalvio spaustuvas skirtas apdirbamiems objektams prispausti. Naudojamas remonto, statybos ir kt. darbuose. Tvirta konstrukcija.<br \/>\npadengtas antikoroziniais da\u017eais;reguliuojamas, sukamas pagrindas leid\u017eia pakeisti kamp\u0105 360 laipsni\u0173;plieniniai, gr\u016bdinti spaustuvai su skersiniais \u012fpjovimais;tvirtas, patvarus ketaus korpusas su grafito intarpais;pagrindas tvirtinamas keturiais var\u017etais.<\/p>","protected":false},"excerpt":{"rendered":"<p>Spaustuvai pasukami 150mm 14.38kg.<\/p>","protected":false},"featured_media":269305,"comment_status":"open","ping_status":"open","template":"","meta":[],"product_cat":[9635],"product_tag":[9969],"class_list":{"0":"post-269303","1":"product","2":"type-product","3":"status-publish","4":"has-post-thumbnail","6":"product_brand-hogert-technik-vokietija","7":"product_cat-saltkalvio-sukinejami","8":"product_tag-hogert-technik-vokietija","10":"first","11":"outofstock","12":"purchasable","13":"product-type-simple"},"jetpack_sharing_enabled":true,"_links":{"self":[{"href":"https:\/\/irankiuzona.lt\/ru\/wp-json\/wp\/v2\/product\/269303","targetHints":{"allow":["GET"]}}],"collection":[{"href":"https:\/\/irankiuzona.lt\/ru\/wp-json\/wp\/v2\/product"}],"about":[{"href":"https:\/\/irankiuzona.lt\/ru\/wp-json\/wp\/v2\/types\/product"}],"replies":[{"embeddable":true,"href":"https:\/\/irankiuzona.lt\/ru\/wp-json\/wp\/v2\/comments?post=269303"}],"version-history":[{"count":1,"href":"https:\/\/irankiuzona.lt\/ru\/wp-json\/wp\/v2\/product\/269303\/revisions"}],"predecessor-version":[{"id":424936,"href":"https:\/\/irankiuzona.lt\/ru\/wp-json\/wp\/v2\/product\/269303\/revisions\/424936"}],"wp:featuredmedia":[{"embeddable":true,"href":"https:\/\/irankiuzona.lt\/ru\/wp-json\/wp\/v2\/media\/269305"}],"wp:attachment":[{"href":"https:\/\/irankiuzona.lt\/ru\/wp-json\/wp\/v2\/media?parent=269303"}],"wp:term":[{"taxonomy":"product_cat","embeddable":true,"href":"https:\/\/irankiuzona.lt\/ru\/wp-json\/wp\/v2\/product_cat?post=269303"},{"taxonomy":"product_tag","embeddable":true,"href":"https:\/\/irankiuzona.lt\/ru\/wp-json\/wp\/v2\/product_tag?post=269303"}],"curies":[{"name":"wp","href":"https:\/\/api.w.org\/{rel}","templated":true}]}}