{"id":269327,"date":"2024-09-29T14:05:56","date_gmt":"2024-09-29T14:05:56","guid":{"rendered":"https:\/\/irankiuzona.lt\/product\/zarneliu-uzspaudejai4-10-45mm\/"},"modified":"2026-04-13T10:03:28","modified_gmt":"2026-04-13T10:03:28","slug":"zarneliu-uzspaudejai4-10-45mm","status":"publish","type":"product","link":"https:\/\/irankiuzona.lt\/ru\/product\/zarneliu-uzspaudejai4-10-45mm\/","title":{"rendered":"\u017darneli\u0173 u\u017espaud\u0117jai*4 (10-45mm)"},"content":{"rendered":"<p>Dyd\u017eiai: 10mm &#8211; 15mm &#8211; 25mm &#8211; 45mm<\/p>","protected":false},"excerpt":{"rendered":"<p>U\u017ever\u017eiami \u017earneli\u0173 u\u017esapudimo \u012frankiai, 10mm &#8211; 15mm &#8211; 25mm &#8211; 45mm<\/p>","protected":false},"featured_media":269329,"comment_status":"open","ping_status":"open","template":"","meta":[],"product_cat":[9468],"product_tag":[10151],"class_list":{"0":"post-269327","1":"product","2":"type-product","3":"status-publish","4":"has-post-thumbnail","6":"product_brand-lenkija-tiekejas","7":"product_cat-zarnu-uzspaudimo-irankiai","8":"product_tag-lenkija-tiekejas","10":"first","11":"outofstock","12":"purchasable","13":"product-type-simple"},"jetpack_sharing_enabled":true,"_links":{"self":[{"href":"https:\/\/irankiuzona.lt\/ru\/wp-json\/wp\/v2\/product\/269327","targetHints":{"allow":["GET"]}}],"collection":[{"href":"https:\/\/irankiuzona.lt\/ru\/wp-json\/wp\/v2\/product"}],"about":[{"href":"https:\/\/irankiuzona.lt\/ru\/wp-json\/wp\/v2\/types\/product"}],"replies":[{"embeddable":true,"href":"https:\/\/irankiuzona.lt\/ru\/wp-json\/wp\/v2\/comments?post=269327"}],"version-history":[{"count":1,"href":"https:\/\/irankiuzona.lt\/ru\/wp-json\/wp\/v2\/product\/269327\/revisions"}],"predecessor-version":[{"id":424944,"href":"https:\/\/irankiuzona.lt\/ru\/wp-json\/wp\/v2\/product\/269327\/revisions\/424944"}],"wp:featuredmedia":[{"embeddable":true,"href":"https:\/\/irankiuzona.lt\/ru\/wp-json\/wp\/v2\/media\/269329"}],"wp:attachment":[{"href":"https:\/\/irankiuzona.lt\/ru\/wp-json\/wp\/v2\/media?parent=269327"}],"wp:term":[{"taxonomy":"product_cat","embeddable":true,"href":"https:\/\/irankiuzona.lt\/ru\/wp-json\/wp\/v2\/product_cat?post=269327"},{"taxonomy":"product_tag","embeddable":true,"href":"https:\/\/irankiuzona.lt\/ru\/wp-json\/wp\/v2\/product_tag?post=269327"}],"curies":[{"name":"wp","href":"https:\/\/api.w.org\/{rel}","templated":true}]}}