{"id":269375,"date":"2024-09-29T14:05:58","date_gmt":"2024-09-29T14:05:58","guid":{"rendered":"https:\/\/irankiuzona.lt\/product\/presavimo-komplektastas-universalus-28daliu-34-82mm\/"},"modified":"2026-04-15T00:59:33","modified_gmt":"2026-04-15T00:59:33","slug":"presavimo-komplektastas-universalus-28daliu-34-82mm","status":"publish","type":"product","link":"https:\/\/irankiuzona.lt\/ru\/product\/presavimo-komplektastas-universalus-28daliu-34-82mm\/","title":{"rendered":"Presavimo komplektastas universalus 28dali\u0173 (34-82mm)"},"content":{"rendered":"<p>Var\u017etai: M10-M12-M14-M16Presavimo adapteriai:I\u0161orinis skersmuo: 44, 46, 48, 50, 52, 54, 56, 60, 62, 64, 66, 68, 70, 72, 74, 76, 78, 80, 82 mm Vidinis skersmuo: 34, 36, 38, 40, 42, 44, 46, 48, 50, 52, 54, 56, 58, 60, 62, 64, 66, 68, 70, 72 mm<\/p>","protected":false},"excerpt":{"rendered":"<p>Universalus guoli\u0173 ir sailentblok\u0173 presavimo komplektas su var\u017etais ir \u012fvairi\u0173 dyd\u017ei\u0173 adapteriais (34-82mm).<\/p>","protected":false},"featured_media":269377,"comment_status":"open","ping_status":"closed","template":"","meta":[],"product_cat":[9731],"product_tag":[10143],"class_list":{"0":"post-269375","1":"product","2":"type-product","3":"status-publish","4":"has-post-thumbnail","6":"product_brand-jcb","7":"product_cat-guoliu-sailentbloku-presavimo-irankiai","8":"product_tag-jcb","10":"first","11":"outofstock","12":"purchasable","13":"product-type-simple"},"jetpack_sharing_enabled":true,"_links":{"self":[{"href":"https:\/\/irankiuzona.lt\/ru\/wp-json\/wp\/v2\/product\/269375","targetHints":{"allow":["GET"]}}],"collection":[{"href":"https:\/\/irankiuzona.lt\/ru\/wp-json\/wp\/v2\/product"}],"about":[{"href":"https:\/\/irankiuzona.lt\/ru\/wp-json\/wp\/v2\/types\/product"}],"replies":[{"embeddable":true,"href":"https:\/\/irankiuzona.lt\/ru\/wp-json\/wp\/v2\/comments?post=269375"}],"version-history":[{"count":1,"href":"https:\/\/irankiuzona.lt\/ru\/wp-json\/wp\/v2\/product\/269375\/revisions"}],"predecessor-version":[{"id":424961,"href":"https:\/\/irankiuzona.lt\/ru\/wp-json\/wp\/v2\/product\/269375\/revisions\/424961"}],"wp:featuredmedia":[{"embeddable":true,"href":"https:\/\/irankiuzona.lt\/ru\/wp-json\/wp\/v2\/media\/269377"}],"wp:attachment":[{"href":"https:\/\/irankiuzona.lt\/ru\/wp-json\/wp\/v2\/media?parent=269375"}],"wp:term":[{"taxonomy":"product_cat","embeddable":true,"href":"https:\/\/irankiuzona.lt\/ru\/wp-json\/wp\/v2\/product_cat?post=269375"},{"taxonomy":"product_tag","embeddable":true,"href":"https:\/\/irankiuzona.lt\/ru\/wp-json\/wp\/v2\/product_tag?post=269375"}],"curies":[{"name":"wp","href":"https:\/\/api.w.org\/{rel}","templated":true}]}}