{"id":269420,"date":"2024-09-29T14:06:02","date_gmt":"2024-09-29T14:06:02","guid":{"rendered":"https:\/\/irankiuzona.lt\/product\/aliumines-klniedes-4815-mm-50-vnt\/"},"modified":"2026-05-15T20:21:31","modified_gmt":"2026-05-15T20:21:31","slug":"aliumines-klniedes-4815-mm-50-vnt","status":"publish","type":"product","link":"https:\/\/irankiuzona.lt\/ru\/product\/aliumines-klniedes-4815-mm-50-vnt\/","title":{"rendered":"Aliumin\u0117s klnied\u0117s 4,8*15 mm., 50 vnt"},"content":{"rendered":"<p>Med\u017eiaga: aliuminis;skersmuo: 4,8*15 mm.<\/p>","protected":false},"excerpt":{"rendered":"<p>Aliumin\u0117s klnied\u0117s 4,8*15 mm., 50 vnt<\/p>","protected":false},"featured_media":269422,"comment_status":"open","ping_status":"open","template":"","meta":[],"product_cat":[9436],"product_tag":[9969],"class_list":{"0":"post-269420","1":"product","2":"type-product","3":"status-publish","4":"has-post-thumbnail","6":"product_brand-hogert-technik-vokietija","7":"product_cat-kniedes","8":"product_tag-hogert-technik-vokietija","10":"first","11":"instock","12":"purchasable","13":"product-type-simple"},"jetpack_sharing_enabled":true,"_links":{"self":[{"href":"https:\/\/irankiuzona.lt\/ru\/wp-json\/wp\/v2\/product\/269420","targetHints":{"allow":["GET"]}}],"collection":[{"href":"https:\/\/irankiuzona.lt\/ru\/wp-json\/wp\/v2\/product"}],"about":[{"href":"https:\/\/irankiuzona.lt\/ru\/wp-json\/wp\/v2\/types\/product"}],"replies":[{"embeddable":true,"href":"https:\/\/irankiuzona.lt\/ru\/wp-json\/wp\/v2\/comments?post=269420"}],"version-history":[{"count":1,"href":"https:\/\/irankiuzona.lt\/ru\/wp-json\/wp\/v2\/product\/269420\/revisions"}],"predecessor-version":[{"id":424978,"href":"https:\/\/irankiuzona.lt\/ru\/wp-json\/wp\/v2\/product\/269420\/revisions\/424978"}],"wp:featuredmedia":[{"embeddable":true,"href":"https:\/\/irankiuzona.lt\/ru\/wp-json\/wp\/v2\/media\/269422"}],"wp:attachment":[{"href":"https:\/\/irankiuzona.lt\/ru\/wp-json\/wp\/v2\/media?parent=269420"}],"wp:term":[{"taxonomy":"product_cat","embeddable":true,"href":"https:\/\/irankiuzona.lt\/ru\/wp-json\/wp\/v2\/product_cat?post=269420"},{"taxonomy":"product_tag","embeddable":true,"href":"https:\/\/irankiuzona.lt\/ru\/wp-json\/wp\/v2\/product_tag?post=269420"}],"curies":[{"name":"wp","href":"https:\/\/api.w.org\/{rel}","templated":true}]}}